{"id":5735,"date":"2019-10-28T08:36:39","date_gmt":"2019-10-28T06:36:39","guid":{"rendered":"https:\/\/ddt.lv\/product\/57648-universala-2-4-viet-ladejama-ierice-varta\/"},"modified":"2026-04-08T14:27:54","modified_gmt":"2026-04-08T11:27:54","slug":"57648-universala-2-4-viet-ladejama-ierice-varta","status":"publish","type":"product","link":"https:\/\/ddt.lv\/en\/product\/57648-universala-2-4-viet-ladejama-ierice-varta\/","title":{"rendered":"57648 Battery (Accu) charger VARTA Universal AAA, AA, C, D, 9V"},"content":{"rendered":"<p>Kompakts univers\u0101lais galda l\u0101d\u0113t\u0101js visiem klasiskajiem bateriju izm\u0113riem &#8211; AA\/AAA\/C\/D\/9V.<\/p>\n","protected":false},"excerpt":{"rendered":"<p>Kompakts univers\u0101lais galda l\u0101d\u0113t\u0101js visiem klasiskajiem bateriju izm\u0113riem &#8211; AA\/AAA\/C\/D\/9V.<\/p>\n","protected":false},"featured_media":14856,"comment_status":"closed","ping_status":"closed","template":"","meta":{"inline_featured_image":false},"product_cat":[453],"product_tag":[],"yst_prominent_words":[],"class_list":{"0":"post-5735","1":"product","2":"type-product","3":"status-publish","4":"has-post-thumbnail","6":"product_cat-ladesanas-ierices","8":"first","9":"outofstock","10":"taxable","11":"shipping-taxable","12":"purchasable","13":"product-type-simple"},"jetpack_sharing_enabled":true,"_links":{"self":[{"href":"https:\/\/ddt.lv\/en\/wp-json\/wp\/v2\/product\/5735"}],"collection":[{"href":"https:\/\/ddt.lv\/en\/wp-json\/wp\/v2\/product"}],"about":[{"href":"https:\/\/ddt.lv\/en\/wp-json\/wp\/v2\/types\/product"}],"replies":[{"embeddable":true,"href":"https:\/\/ddt.lv\/en\/wp-json\/wp\/v2\/comments?post=5735"}],"wp:featuredmedia":[{"embeddable":true,"href":"https:\/\/ddt.lv\/en\/wp-json\/wp\/v2\/media\/14856"}],"wp:attachment":[{"href":"https:\/\/ddt.lv\/en\/wp-json\/wp\/v2\/media?parent=5735"}],"wp:term":[{"taxonomy":"product_cat","embeddable":true,"href":"https:\/\/ddt.lv\/en\/wp-json\/wp\/v2\/product_cat?post=5735"},{"taxonomy":"product_tag","embeddable":true,"href":"https:\/\/ddt.lv\/en\/wp-json\/wp\/v2\/product_tag?post=5735"},{"taxonomy":"yst_prominent_words","embeddable":true,"href":"https:\/\/ddt.lv\/en\/wp-json\/wp\/v2\/yst_prominent_words?post=5735"}],"curies":[{"name":"wp","href":"https:\/\/api.w.org\/{rel}","templated":true}]}}