{"id":5734,"date":"2019-10-28T08:36:39","date_gmt":"2019-10-28T06:36:39","guid":{"rendered":"https:\/\/ddt.lv\/product\/57647-plug-2-4-viet-ladejama-ierice-4xaa-2100mah-varta\/"},"modified":"2026-04-08T14:27:54","modified_gmt":"2026-04-08T11:27:54","slug":"57647-plug-2-4-viet-ladejama-ierice-4xaa-2100mah-varta","status":"publish","type":"product","link":"https:\/\/ddt.lv\/en\/product\/57647-plug-2-4-viet-ladejama-ierice-4xaa-2100mah-varta\/","title":{"rendered":"57647 Battery(Accu) charger VARTA Plug 2\/4 slots + 4pcs. AA 2100mAh"},"content":{"rendered":"<p>Izsmalcin\u0101ts dizains un \u0113rta lieto\u0161ana!<\/p>\n<div>Paredz\u0113ts 2 vai 4 AA\/AAA bateriju l\u0101d\u0113\u0161anai. Komplekt\u0101 4gb 2100mAh AA baterijas.<\/div>\n","protected":false},"excerpt":{"rendered":"<p>Izsmalcin\u0101ts dizains un \u0113rta lieto\u0161ana! Paredz\u0113ts 2 vai 4 AA\/AAA bateriju l\u0101d\u0113\u0161anai. Komplekt\u0101 4gb 2100mAh AA baterijas.<\/p>\n","protected":false},"featured_media":14851,"comment_status":"closed","ping_status":"closed","template":"","meta":{"inline_featured_image":false},"product_cat":[453],"product_tag":[],"yst_prominent_words":[],"class_list":{"0":"post-5734","1":"product","2":"type-product","3":"status-publish","4":"has-post-thumbnail","6":"product_cat-ladesanas-ierices","8":"first","9":"outofstock","10":"taxable","11":"shipping-taxable","12":"purchasable","13":"product-type-simple"},"jetpack_sharing_enabled":true,"_links":{"self":[{"href":"https:\/\/ddt.lv\/en\/wp-json\/wp\/v2\/product\/5734"}],"collection":[{"href":"https:\/\/ddt.lv\/en\/wp-json\/wp\/v2\/product"}],"about":[{"href":"https:\/\/ddt.lv\/en\/wp-json\/wp\/v2\/types\/product"}],"replies":[{"embeddable":true,"href":"https:\/\/ddt.lv\/en\/wp-json\/wp\/v2\/comments?post=5734"}],"wp:featuredmedia":[{"embeddable":true,"href":"https:\/\/ddt.lv\/en\/wp-json\/wp\/v2\/media\/14851"}],"wp:attachment":[{"href":"https:\/\/ddt.lv\/en\/wp-json\/wp\/v2\/media?parent=5734"}],"wp:term":[{"taxonomy":"product_cat","embeddable":true,"href":"https:\/\/ddt.lv\/en\/wp-json\/wp\/v2\/product_cat?post=5734"},{"taxonomy":"product_tag","embeddable":true,"href":"https:\/\/ddt.lv\/en\/wp-json\/wp\/v2\/product_tag?post=5734"},{"taxonomy":"yst_prominent_words","embeddable":true,"href":"https:\/\/ddt.lv\/en\/wp-json\/wp\/v2\/yst_prominent_words?post=5734"}],"curies":[{"name":"wp","href":"https:\/\/api.w.org\/{rel}","templated":true}]}}