{"id":5733,"date":"2019-10-28T08:36:39","date_gmt":"2019-10-28T06:36:39","guid":{"rendered":"https:\/\/ddt.lv\/product\/57642-pocket-2-4-viet-ladejama-ierice-4xaa-2600mah-varta\/"},"modified":"2026-04-08T14:27:54","modified_gmt":"2026-04-08T11:27:54","slug":"57642-pocket-2-4-viet-ladejama-ierice-4xaa-2600mah-varta","status":"publish","type":"product","link":"https:\/\/ddt.lv\/en\/product\/57642-pocket-2-4-viet-ladejama-ierice-4xaa-2600mah-varta\/","title":{"rendered":"57070 Battery (Accu) charger VARTA Pocket 2\/4 slots + 4pcs. AA 2600mAh"},"content":{"rendered":"<p>Kompakts un izsmalcin\u0101ts dizains! Komplekt\u0101 ar 4gb. AA 2600mAh baterij\u0101m.<\/p>\n","protected":false},"excerpt":{"rendered":"<p>Kompakts un izsmalcin\u0101ts dizains! Komplekt\u0101 ar 4gb. AA 2600mAh baterij\u0101m.<\/p>\n","protected":false},"featured_media":14849,"comment_status":"closed","ping_status":"closed","template":"","meta":{"inline_featured_image":false},"product_cat":[453],"product_tag":[],"yst_prominent_words":[],"class_list":{"0":"post-5733","1":"product","2":"type-product","3":"status-publish","4":"has-post-thumbnail","6":"product_cat-ladesanas-ierices","8":"first","9":"outofstock","10":"taxable","11":"shipping-taxable","12":"purchasable","13":"product-type-simple"},"jetpack_sharing_enabled":true,"_links":{"self":[{"href":"https:\/\/ddt.lv\/en\/wp-json\/wp\/v2\/product\/5733"}],"collection":[{"href":"https:\/\/ddt.lv\/en\/wp-json\/wp\/v2\/product"}],"about":[{"href":"https:\/\/ddt.lv\/en\/wp-json\/wp\/v2\/types\/product"}],"replies":[{"embeddable":true,"href":"https:\/\/ddt.lv\/en\/wp-json\/wp\/v2\/comments?post=5733"}],"wp:featuredmedia":[{"embeddable":true,"href":"https:\/\/ddt.lv\/en\/wp-json\/wp\/v2\/media\/14849"}],"wp:attachment":[{"href":"https:\/\/ddt.lv\/en\/wp-json\/wp\/v2\/media?parent=5733"}],"wp:term":[{"taxonomy":"product_cat","embeddable":true,"href":"https:\/\/ddt.lv\/en\/wp-json\/wp\/v2\/product_cat?post=5733"},{"taxonomy":"product_tag","embeddable":true,"href":"https:\/\/ddt.lv\/en\/wp-json\/wp\/v2\/product_tag?post=5733"},{"taxonomy":"yst_prominent_words","embeddable":true,"href":"https:\/\/ddt.lv\/en\/wp-json\/wp\/v2\/yst_prominent_words?post=5733"}],"curies":[{"name":"wp","href":"https:\/\/api.w.org\/{rel}","templated":true}]}}