{"id":5665,"date":"2019-10-28T08:36:31","date_gmt":"2019-10-28T06:36:31","guid":{"rendered":"https:\/\/ddt.lv\/product\/4020-1-d-baterija-industrial-single-20-varta\/"},"modified":"2026-04-09T12:00:23","modified_gmt":"2026-04-09T09:00:23","slug":"4020-1-d-baterija-industrial-single-20-varta","status":"publish","type":"product","link":"https:\/\/ddt.lv\/en\/product\/4020-1-d-baterija-industrial-single-20-varta\/","title":{"rendered":"4020\/1 D battery VARTA Industrial Alkaline SINGLE 20 1pc."},"content":{"rendered":"<p>Industrial s\u0113rija ir \u012bpa\u0161i piem\u0113rota gala pat\u0113r\u0113t\u0101jiem &#8211; r\u016bpn\u012bc\u0101m, pulkste\u0146u darbn\u012bc\u0101m, laboratorij\u0101m.<br \/>\nSp\u0113c\u012bg\u0101 Alkaline \u0137\u012bmisk\u0101 sist\u0113ma par l\u0113t\u0101ku cenu, jo tiek ekonom\u0113ts uz tirdzniec\u012bbai paredz\u0113tiem izejmateri\u0101liem &#8211; iepakojumu un apdruku.<\/p>\n","protected":false},"excerpt":{"rendered":"<p>Industrial s\u0113rija ir \u012bpa\u0161i piem\u0113rota gala pat\u0113r\u0113t\u0101jiem &#8211; r\u016bpn\u012bc\u0101m, pulkste\u0146u darbn\u012bc\u0101m, laboratorij\u0101m. Sp\u0113c\u012bg\u0101 Alkaline \u0137\u012bmisk\u0101 sist\u0113ma par l\u0113t\u0101ku cenu, jo tiek ekonom\u0113ts uz tirdzniec\u012bbai paredz\u0113tiem izejmateri\u0101liem &#8211; iepakojumu un apdruku.<\/p>\n","protected":false},"featured_media":33342,"comment_status":"closed","ping_status":"closed","template":"","meta":{"inline_featured_image":false},"product_cat":[772,444],"product_tag":[],"yst_prominent_words":[],"class_list":{"0":"post-5665","1":"product","2":"type-product","3":"status-publish","4":"has-post-thumbnail","6":"product_cat-atlaides","7":"product_cat-d","9":"first","10":"instock","11":"sale","12":"taxable","13":"shipping-taxable","14":"purchasable","15":"product-type-simple"},"jetpack_sharing_enabled":true,"_links":{"self":[{"href":"https:\/\/ddt.lv\/en\/wp-json\/wp\/v2\/product\/5665"}],"collection":[{"href":"https:\/\/ddt.lv\/en\/wp-json\/wp\/v2\/product"}],"about":[{"href":"https:\/\/ddt.lv\/en\/wp-json\/wp\/v2\/types\/product"}],"replies":[{"embeddable":true,"href":"https:\/\/ddt.lv\/en\/wp-json\/wp\/v2\/comments?post=5665"}],"wp:featuredmedia":[{"embeddable":true,"href":"https:\/\/ddt.lv\/en\/wp-json\/wp\/v2\/media\/33342"}],"wp:attachment":[{"href":"https:\/\/ddt.lv\/en\/wp-json\/wp\/v2\/media?parent=5665"}],"wp:term":[{"taxonomy":"product_cat","embeddable":true,"href":"https:\/\/ddt.lv\/en\/wp-json\/wp\/v2\/product_cat?post=5665"},{"taxonomy":"product_tag","embeddable":true,"href":"https:\/\/ddt.lv\/en\/wp-json\/wp\/v2\/product_tag?post=5665"},{"taxonomy":"yst_prominent_words","embeddable":true,"href":"https:\/\/ddt.lv\/en\/wp-json\/wp\/v2\/yst_prominent_words?post=5665"}],"curies":[{"name":"wp","href":"https:\/\/api.w.org\/{rel}","templated":true}]}}