{"id":5625,"date":"2019-10-28T08:36:27","date_gmt":"2019-10-28T06:36:27","guid":{"rendered":"https:\/\/ddt.lv\/product\/v341-baterija-pulkstenu-1-55v-15mah-sudrabs-varta\/"},"modified":"2026-04-06T10:47:48","modified_gmt":"2026-04-06T07:47:48","slug":"v341-baterija-pulkstenu-1-55v-15mah-sudrabs-varta","status":"publish","type":"product","link":"https:\/\/ddt.lv\/en\/product\/v341-baterija-pulkstenu-1-55v-15mah-sudrabs-varta\/","title":{"rendered":"V341 1.55V\/15mAh battery VARTA Watch Silver 1pc."},"content":{"rendered":"<p>Piln\u012bg\u0101k\u0101s un uzticam\u0101k\u0101s pulkste\u0146u baterijas no Varta visda\u017e\u0101d\u0101kajiem digit\u0101lajiem un analogiem pulkste\u0146iem. Iztur\u012bgas pret triecieniem, vibr\u0101cij\u0101m un pa\u0101trin\u0101jumu, k\u0101 ar\u012b piem\u0113rotas ier\u012bces k\u0101 rota\u013clietas, kalkulatori un t\u0101lvad\u012bbas pultis.<\/p>\n","protected":false},"excerpt":{"rendered":"<p>Piln\u012bg\u0101k\u0101s un uzticam\u0101k\u0101s pulkste\u0146u baterijas no Varta visda\u017e\u0101d\u0101kajiem digit\u0101lajiem un analogiem pulkste\u0146iem. Iztur\u012bgas pret triecieniem, vibr\u0101cij\u0101m un pa\u0101trin\u0101jumu, k\u0101 ar\u012b piem\u0113rotas ier\u012bces k\u0101 rota\u013clietas, kalkulatori un t\u0101lvad\u012bbas pultis.<\/p>\n","protected":false},"featured_media":14990,"comment_status":"closed","ping_status":"closed","template":"","meta":{"inline_featured_image":false},"product_cat":[452],"product_tag":[],"yst_prominent_words":[],"class_list":{"0":"post-5625","1":"product","2":"type-product","3":"status-publish","4":"has-post-thumbnail","6":"product_cat-pulkstenu-baterijas","8":"first","9":"instock","10":"taxable","11":"shipping-taxable","12":"purchasable","13":"product-type-simple"},"jetpack_sharing_enabled":true,"_links":{"self":[{"href":"https:\/\/ddt.lv\/en\/wp-json\/wp\/v2\/product\/5625"}],"collection":[{"href":"https:\/\/ddt.lv\/en\/wp-json\/wp\/v2\/product"}],"about":[{"href":"https:\/\/ddt.lv\/en\/wp-json\/wp\/v2\/types\/product"}],"replies":[{"embeddable":true,"href":"https:\/\/ddt.lv\/en\/wp-json\/wp\/v2\/comments?post=5625"}],"wp:featuredmedia":[{"embeddable":true,"href":"https:\/\/ddt.lv\/en\/wp-json\/wp\/v2\/media\/14990"}],"wp:attachment":[{"href":"https:\/\/ddt.lv\/en\/wp-json\/wp\/v2\/media?parent=5625"}],"wp:term":[{"taxonomy":"product_cat","embeddable":true,"href":"https:\/\/ddt.lv\/en\/wp-json\/wp\/v2\/product_cat?post=5625"},{"taxonomy":"product_tag","embeddable":true,"href":"https:\/\/ddt.lv\/en\/wp-json\/wp\/v2\/product_tag?post=5625"},{"taxonomy":"yst_prominent_words","embeddable":true,"href":"https:\/\/ddt.lv\/en\/wp-json\/wp\/v2\/yst_prominent_words?post=5625"}],"curies":[{"name":"wp","href":"https:\/\/api.w.org\/{rel}","templated":true}]}}