{"id":5619,"date":"2019-10-28T08:36:26","date_gmt":"2019-10-28T06:36:26","guid":{"rendered":"https:\/\/ddt.lv\/product\/tosters-edel-retro-2-grauzdiniem-790-950w-unold\/"},"modified":"2026-04-08T14:27:38","modified_gmt":"2026-04-08T11:27:38","slug":"tosters-edel-retro-2-grauzdiniem-790-950w-unold","status":"publish","type":"product","link":"https:\/\/ddt.lv\/en\/product\/tosters-edel-retro-2-grauzdiniem-790-950w-unold\/","title":{"rendered":"Toaster EDEL RETRO 2er 790-950W UNOLD"},"content":{"rendered":"<p>Lielisks virtuves pal\u012bgs elegant\u0101, mat\u0113ta t\u0113rauda korpus\u0101.<\/p>\n<p>Autom\u0101tiska maizes \u0161\u0137\u0113\u013cu centr\u0113\u0161ana, piecas grauzd\u0113\u0161anas pak\u0101pes apmierin\u0101s pat viskapr\u012bz\u0101k\u0101s iegribas brokastu maiz\u012b\u0161u baud\u012b\u0161an\u0101!<\/p>\n","protected":false},"excerpt":{"rendered":"<p>Lielisks virtuves pal\u012bgs elegant\u0101, mat\u0113ta t\u0113rauda korpus\u0101. Autom\u0101tiska maizes \u0161\u0137\u0113\u013cu centr\u0113\u0161ana, piecas grauzd\u0113\u0161anas pak\u0101pes apmierin\u0101s pat viskapr\u012bz\u0101k\u0101s iegribas brokastu maiz\u012b\u0161u baud\u012b\u0161an\u0101!<\/p>\n","protected":false},"featured_media":12457,"comment_status":"closed","ping_status":"closed","template":"","meta":{"inline_featured_image":false},"product_cat":[531],"product_tag":[],"yst_prominent_words":[],"class_list":{"0":"post-5619","1":"product","2":"type-product","3":"status-publish","4":"has-post-thumbnail","6":"product_cat-tosteri","8":"first","9":"instock","10":"taxable","11":"shipping-taxable","12":"purchasable","13":"product-type-simple"},"jetpack_sharing_enabled":true,"_links":{"self":[{"href":"https:\/\/ddt.lv\/en\/wp-json\/wp\/v2\/product\/5619"}],"collection":[{"href":"https:\/\/ddt.lv\/en\/wp-json\/wp\/v2\/product"}],"about":[{"href":"https:\/\/ddt.lv\/en\/wp-json\/wp\/v2\/types\/product"}],"replies":[{"embeddable":true,"href":"https:\/\/ddt.lv\/en\/wp-json\/wp\/v2\/comments?post=5619"}],"wp:featuredmedia":[{"embeddable":true,"href":"https:\/\/ddt.lv\/en\/wp-json\/wp\/v2\/media\/12457"}],"wp:attachment":[{"href":"https:\/\/ddt.lv\/en\/wp-json\/wp\/v2\/media?parent=5619"}],"wp:term":[{"taxonomy":"product_cat","embeddable":true,"href":"https:\/\/ddt.lv\/en\/wp-json\/wp\/v2\/product_cat?post=5619"},{"taxonomy":"product_tag","embeddable":true,"href":"https:\/\/ddt.lv\/en\/wp-json\/wp\/v2\/product_tag?post=5619"},{"taxonomy":"yst_prominent_words","embeddable":true,"href":"https:\/\/ddt.lv\/en\/wp-json\/wp\/v2\/yst_prominent_words?post=5619"}],"curies":[{"name":"wp","href":"https:\/\/api.w.org\/{rel}","templated":true}]}}