{"id":5304,"date":"2019-10-28T08:35:39","date_gmt":"2019-10-28T06:35:39","guid":{"rendered":"https:\/\/ddt.lv\/product\/4720-2-d-baterija-maxi-tech-spo-varta\/"},"modified":"2026-04-09T16:16:11","modified_gmt":"2026-04-09T13:16:11","slug":"4720-2-d-baterija-maxi-tech-spo-varta","status":"publish","type":"product","link":"https:\/\/ddt.lv\/en\/product\/4720-2-d-baterija-maxi-tech-spo-varta\/","title":{"rendered":"4720\/2 D batteries VARTA Longlife Max Power Alkaline 2pcs."},"content":{"rendered":"<p>Max tech \u2013 Prec\u012bzs nepiecie\u0161am\u0101s ener\u0123ijas daudzums digit\u0101l\u0101m ier\u012bc\u0113m ar main\u012bg\u0101m str\u0101vas stipruma vajadz\u012bb\u0101m, piem\u0113ram, sp\u0113\u013cu konsoles pult\u012bm, asinsspiediena m\u0113r\u012btajiem, digit\u0101laj\u0101m fotokamer\u0101m.<\/p>\n<p>&nbsp;<\/p>\n<p>\u0112rts iepakojums, no kura baterijas iesp\u0113jams iz\u0146emt pa vienai, t\u0101d\u0113j\u0101di nodro\u0161inot<\/p>\n<p>\u0113rtu bateriju uzglab\u0101\u0161anu l\u012bdz pat 10 gadiem.<\/p>\n","protected":false},"excerpt":{"rendered":"<p>Max tech \u2013 Prec\u012bzs nepiecie\u0161am\u0101s ener\u0123ijas daudzums digit\u0101l\u0101m ier\u012bc\u0113m ar main\u012bg\u0101m str\u0101vas stipruma vajadz\u012bb\u0101m, piem\u0113ram, sp\u0113\u013cu konsoles pult\u012bm, asinsspiediena m\u0113r\u012btajiem, digit\u0101laj\u0101m fotokamer\u0101m. &nbsp; \u0112rts iepakojums, no kura baterijas iesp\u0113jams iz\u0146emt pa vienai, t\u0101d\u0113j\u0101di nodro\u0161inot \u0113rtu bateriju uzglab\u0101\u0161anu l\u012bdz pat 10 gadiem.<\/p>\n","protected":false},"featured_media":33343,"comment_status":"closed","ping_status":"closed","template":"","meta":{"inline_featured_image":false},"product_cat":[772,444],"product_tag":[],"yst_prominent_words":[],"class_list":{"0":"post-5304","1":"product","2":"type-product","3":"status-publish","4":"has-post-thumbnail","6":"product_cat-atlaides","7":"product_cat-d","9":"first","10":"instock","11":"sale","12":"taxable","13":"shipping-taxable","14":"purchasable","15":"product-type-simple"},"jetpack_sharing_enabled":true,"_links":{"self":[{"href":"https:\/\/ddt.lv\/en\/wp-json\/wp\/v2\/product\/5304"}],"collection":[{"href":"https:\/\/ddt.lv\/en\/wp-json\/wp\/v2\/product"}],"about":[{"href":"https:\/\/ddt.lv\/en\/wp-json\/wp\/v2\/types\/product"}],"replies":[{"embeddable":true,"href":"https:\/\/ddt.lv\/en\/wp-json\/wp\/v2\/comments?post=5304"}],"wp:featuredmedia":[{"embeddable":true,"href":"https:\/\/ddt.lv\/en\/wp-json\/wp\/v2\/media\/33343"}],"wp:attachment":[{"href":"https:\/\/ddt.lv\/en\/wp-json\/wp\/v2\/media?parent=5304"}],"wp:term":[{"taxonomy":"product_cat","embeddable":true,"href":"https:\/\/ddt.lv\/en\/wp-json\/wp\/v2\/product_cat?post=5304"},{"taxonomy":"product_tag","embeddable":true,"href":"https:\/\/ddt.lv\/en\/wp-json\/wp\/v2\/product_tag?post=5304"},{"taxonomy":"yst_prominent_words","embeddable":true,"href":"https:\/\/ddt.lv\/en\/wp-json\/wp\/v2\/yst_prominent_words?post=5304"}],"curies":[{"name":"wp","href":"https:\/\/api.w.org\/{rel}","templated":true}]}}