{"id":5273,"date":"2019-10-28T08:35:35","date_gmt":"2019-10-28T06:35:35","guid":{"rendered":"https:\/\/ddt.lv\/product\/102020-2-baterija-superlife-d-varta-pleve\/"},"modified":"2026-04-08T14:26:37","modified_gmt":"2026-04-08T11:26:37","slug":"102020-2-baterija-superlife-d-varta-pleve","status":"publish","type":"product","link":"https:\/\/ddt.lv\/en\/product\/102020-2-baterija-superlife-d-varta-pleve\/","title":{"rendered":"102020\/2 D batteries VARTA Superlife 2pcs. Zinc, in foil"},"content":{"rendered":"<p>Superlife \u2013 Uzticams ener\u0123ijas avots, piem\u0113rots ier\u012bc\u0113m ar mazu ener\u0123ijas pat\u0113ri\u0146u.<\/p>\n","protected":false},"excerpt":{"rendered":"<p>Superlife \u2013 Uzticams ener\u0123ijas avots, piem\u0113rots ier\u012bc\u0113m ar mazu ener\u0123ijas pat\u0113ri\u0146u.<\/p>\n","protected":false},"featured_media":33344,"comment_status":"closed","ping_status":"closed","template":"","meta":{"inline_featured_image":false},"product_cat":[444],"product_tag":[],"yst_prominent_words":[],"class_list":{"0":"post-5273","1":"product","2":"type-product","3":"status-publish","4":"has-post-thumbnail","6":"product_cat-d","8":"first","9":"instock","10":"taxable","11":"shipping-taxable","12":"purchasable","13":"product-type-simple"},"jetpack_sharing_enabled":true,"_links":{"self":[{"href":"https:\/\/ddt.lv\/en\/wp-json\/wp\/v2\/product\/5273"}],"collection":[{"href":"https:\/\/ddt.lv\/en\/wp-json\/wp\/v2\/product"}],"about":[{"href":"https:\/\/ddt.lv\/en\/wp-json\/wp\/v2\/types\/product"}],"replies":[{"embeddable":true,"href":"https:\/\/ddt.lv\/en\/wp-json\/wp\/v2\/comments?post=5273"}],"wp:featuredmedia":[{"embeddable":true,"href":"https:\/\/ddt.lv\/en\/wp-json\/wp\/v2\/media\/33344"}],"wp:attachment":[{"href":"https:\/\/ddt.lv\/en\/wp-json\/wp\/v2\/media?parent=5273"}],"wp:term":[{"taxonomy":"product_cat","embeddable":true,"href":"https:\/\/ddt.lv\/en\/wp-json\/wp\/v2\/product_cat?post=5273"},{"taxonomy":"product_tag","embeddable":true,"href":"https:\/\/ddt.lv\/en\/wp-json\/wp\/v2\/product_tag?post=5273"},{"taxonomy":"yst_prominent_words","embeddable":true,"href":"https:\/\/ddt.lv\/en\/wp-json\/wp\/v2\/yst_prominent_words?post=5273"}],"curies":[{"name":"wp","href":"https:\/\/api.w.org\/{rel}","templated":true}]}}