{"id":5266,"date":"2019-10-28T08:35:34","date_gmt":"2019-10-28T06:35:34","guid":{"rendered":"https:\/\/ddt.lv\/product\/dur-dl1616-3v-baterija-electronics-lithium\/"},"modified":"2026-04-01T00:06:38","modified_gmt":"2026-03-31T21:06:38","slug":"dur-dl1616-3v-baterija-electronics-lithium","status":"publish","type":"product","link":"https:\/\/ddt.lv\/en\/product\/dur-dl1616-3v-baterija-electronics-lithium\/","title":{"rendered":"DL1616 3V battery Duracell Electronics Lithium 1pc."},"content":{"rendered":"<p>Augstas tehnolo\u0123ijas litija table\u0161veida elementi no ra\u017eot\u0101ja Duracell, kas paredz\u0113ti, lai nodro\u0161in\u0101tu uzticamu jaudu maz\u0101m elektronisk\u0101m ier\u012bc\u0113m. Lieliski piem\u0113rots da\u017e\u0101d\u0101m pamata un viedaj\u0101m ier\u012bc\u0113m piem\u0113ram,\u00a0 t\u0101lvad\u012bbas pult\u012bm, svariem, medic\u012bnisk\u0101m iek\u0101rt\u0101m, vied\u0101s m\u0101jas ier\u012bc\u0113m un daudz\u0101m cit\u0101m.<\/p>\n","protected":false},"excerpt":{"rendered":"<p>Augstas tehnolo\u0123ijas litija table\u0161veida elementi no ra\u017eot\u0101ja Duracell, kas paredz\u0113ti, lai nodro\u0161in\u0101tu uzticamu jaudu maz\u0101m elektronisk\u0101m ier\u012bc\u0113m. Lieliski piem\u0113rots da\u017e\u0101d\u0101m pamata un viedaj\u0101m ier\u012bc\u0113m piem\u0113ram,\u00a0 t\u0101lvad\u012bbas pult\u012bm, svariem, medic\u012bnisk\u0101m iek\u0101rt\u0101m, vied\u0101s m\u0101jas ier\u012bc\u0113m un daudz\u0101m cit\u0101m.<\/p>\n","protected":false},"featured_media":26426,"comment_status":"closed","ping_status":"closed","template":"","meta":{"inline_featured_image":false},"product_cat":[450],"product_tag":[],"yst_prominent_words":[],"class_list":{"0":"post-5266","1":"product","2":"type-product","3":"status-publish","4":"has-post-thumbnail","6":"product_cat-litija-tablesveida","8":"first","9":"instock","10":"taxable","11":"shipping-taxable","12":"purchasable","13":"product-type-simple"},"jetpack_sharing_enabled":true,"_links":{"self":[{"href":"https:\/\/ddt.lv\/en\/wp-json\/wp\/v2\/product\/5266"}],"collection":[{"href":"https:\/\/ddt.lv\/en\/wp-json\/wp\/v2\/product"}],"about":[{"href":"https:\/\/ddt.lv\/en\/wp-json\/wp\/v2\/types\/product"}],"replies":[{"embeddable":true,"href":"https:\/\/ddt.lv\/en\/wp-json\/wp\/v2\/comments?post=5266"}],"wp:featuredmedia":[{"embeddable":true,"href":"https:\/\/ddt.lv\/en\/wp-json\/wp\/v2\/media\/26426"}],"wp:attachment":[{"href":"https:\/\/ddt.lv\/en\/wp-json\/wp\/v2\/media?parent=5266"}],"wp:term":[{"taxonomy":"product_cat","embeddable":true,"href":"https:\/\/ddt.lv\/en\/wp-json\/wp\/v2\/product_cat?post=5266"},{"taxonomy":"product_tag","embeddable":true,"href":"https:\/\/ddt.lv\/en\/wp-json\/wp\/v2\/product_tag?post=5266"},{"taxonomy":"yst_prominent_words","embeddable":true,"href":"https:\/\/ddt.lv\/en\/wp-json\/wp\/v2\/yst_prominent_words?post=5266"}],"curies":[{"name":"wp","href":"https:\/\/api.w.org\/{rel}","templated":true}]}}