{"id":5205,"date":"2019-10-28T08:35:26","date_gmt":"2019-10-28T06:35:26","guid":{"rendered":"https:\/\/ddt.lv\/product\/56720-2-d-baterija-accu-3000mah-varta\/"},"modified":"2026-04-08T14:26:27","modified_gmt":"2026-04-08T11:26:27","slug":"56720-2-d-baterija-accu-3000mah-varta","status":"publish","type":"product","link":"https:\/\/ddt.lv\/en\/product\/56720-2-d-baterija-accu-3000mah-varta\/","title":{"rendered":"56720\/2 D batteries rechargable VARTA Accu Power 3000mAh 2pcs."},"content":{"rendered":"<p>Varta Power l\u0101d\u0113jam\u0101s baterijas saglab\u0101 vismaz 75% no savas ietilp\u012bbas pat p\u0113c 12 m\u0113ne\u0161u lieto\u0161anas. Lieliski piem\u0113rotas ikdienas lieto\u0161an\u0101, var uzl\u0101d\u0113t ar jebkuru l\u0101d\u0113t\u0101ju<\/p>\n","protected":false},"excerpt":{"rendered":"<p>Varta Power l\u0101d\u0113jam\u0101s baterijas saglab\u0101 vismaz 75% no savas ietilp\u012bbas pat p\u0113c 12 m\u0113ne\u0161u lieto\u0161anas. Lieliski piem\u0113rotas ikdienas lieto\u0161an\u0101, var uzl\u0101d\u0113t ar jebkuru l\u0101d\u0113t\u0101ju<\/p>\n","protected":false},"featured_media":33345,"comment_status":"closed","ping_status":"closed","template":"","meta":{"inline_featured_image":false},"product_cat":[444],"product_tag":[],"yst_prominent_words":[],"class_list":{"0":"post-5205","1":"product","2":"type-product","3":"status-publish","4":"has-post-thumbnail","6":"product_cat-d","8":"first","9":"instock","10":"taxable","11":"shipping-taxable","12":"purchasable","13":"product-type-simple"},"jetpack_sharing_enabled":true,"_links":{"self":[{"href":"https:\/\/ddt.lv\/en\/wp-json\/wp\/v2\/product\/5205"}],"collection":[{"href":"https:\/\/ddt.lv\/en\/wp-json\/wp\/v2\/product"}],"about":[{"href":"https:\/\/ddt.lv\/en\/wp-json\/wp\/v2\/types\/product"}],"replies":[{"embeddable":true,"href":"https:\/\/ddt.lv\/en\/wp-json\/wp\/v2\/comments?post=5205"}],"wp:featuredmedia":[{"embeddable":true,"href":"https:\/\/ddt.lv\/en\/wp-json\/wp\/v2\/media\/33345"}],"wp:attachment":[{"href":"https:\/\/ddt.lv\/en\/wp-json\/wp\/v2\/media?parent=5205"}],"wp:term":[{"taxonomy":"product_cat","embeddable":true,"href":"https:\/\/ddt.lv\/en\/wp-json\/wp\/v2\/product_cat?post=5205"},{"taxonomy":"product_tag","embeddable":true,"href":"https:\/\/ddt.lv\/en\/wp-json\/wp\/v2\/product_tag?post=5205"},{"taxonomy":"yst_prominent_words","embeddable":true,"href":"https:\/\/ddt.lv\/en\/wp-json\/wp\/v2\/yst_prominent_words?post=5205"}],"curies":[{"name":"wp","href":"https:\/\/api.w.org\/{rel}","templated":true}]}}