{"id":5159,"date":"2019-10-28T08:35:20","date_gmt":"2019-10-28T06:35:20","guid":{"rendered":"https:\/\/ddt.lv\/product\/v362-baterija-pulkstenu-1-55v-21mah-sudrabs-varta\/"},"modified":"2026-04-01T00:06:17","modified_gmt":"2026-03-31T21:06:17","slug":"v362-baterija-pulkstenu-1-55v-21mah-sudrabs-varta","status":"publish","type":"product","link":"https:\/\/ddt.lv\/en\/product\/v362-baterija-pulkstenu-1-55v-21mah-sudrabs-varta\/","title":{"rendered":"V362 1.55V\/21mAh battery VARTA Watch Silver 1pc."},"content":{"rendered":"<p>Piln\u012bg\u0101k\u0101s un uzticam\u0101k\u0101s pulkste\u0146u baterijas no Varta visda\u017e\u0101d\u0101kajiem digit\u0101lajiem un analogiem pulkste\u0146iem. Iztur\u012bgas pret triecieniem, vibr\u0101cij\u0101m un pa\u0101trin\u0101jumu, k\u0101 ar\u012b piem\u0113rotas ier\u012bces k\u0101 rota\u013clietas, kalkulatori un t\u0101lvad\u012bbas pultis.<\/p>\n","protected":false},"excerpt":{"rendered":"<p>Piln\u012bg\u0101k\u0101s un uzticam\u0101k\u0101s pulkste\u0146u baterijas no Varta visda\u017e\u0101d\u0101kajiem digit\u0101lajiem un analogiem pulkste\u0146iem. Iztur\u012bgas pret triecieniem, vibr\u0101cij\u0101m un pa\u0101trin\u0101jumu, k\u0101 ar\u012b piem\u0113rotas ier\u012bces k\u0101 rota\u013clietas, kalkulatori un t\u0101lvad\u012bbas pultis.<\/p>\n","protected":false},"featured_media":15013,"comment_status":"closed","ping_status":"closed","template":"","meta":{"inline_featured_image":false},"product_cat":[452],"product_tag":[],"yst_prominent_words":[],"class_list":{"0":"post-5159","1":"product","2":"type-product","3":"status-publish","4":"has-post-thumbnail","6":"product_cat-pulkstenu-baterijas","8":"first","9":"instock","10":"taxable","11":"shipping-taxable","12":"purchasable","13":"product-type-simple"},"jetpack_sharing_enabled":true,"_links":{"self":[{"href":"https:\/\/ddt.lv\/en\/wp-json\/wp\/v2\/product\/5159"}],"collection":[{"href":"https:\/\/ddt.lv\/en\/wp-json\/wp\/v2\/product"}],"about":[{"href":"https:\/\/ddt.lv\/en\/wp-json\/wp\/v2\/types\/product"}],"replies":[{"embeddable":true,"href":"https:\/\/ddt.lv\/en\/wp-json\/wp\/v2\/comments?post=5159"}],"wp:featuredmedia":[{"embeddable":true,"href":"https:\/\/ddt.lv\/en\/wp-json\/wp\/v2\/media\/15013"}],"wp:attachment":[{"href":"https:\/\/ddt.lv\/en\/wp-json\/wp\/v2\/media?parent=5159"}],"wp:term":[{"taxonomy":"product_cat","embeddable":true,"href":"https:\/\/ddt.lv\/en\/wp-json\/wp\/v2\/product_cat?post=5159"},{"taxonomy":"product_tag","embeddable":true,"href":"https:\/\/ddt.lv\/en\/wp-json\/wp\/v2\/product_tag?post=5159"},{"taxonomy":"yst_prominent_words","embeddable":true,"href":"https:\/\/ddt.lv\/en\/wp-json\/wp\/v2\/yst_prominent_words?post=5159"}],"curies":[{"name":"wp","href":"https:\/\/api.w.org\/{rel}","templated":true}]}}