{"id":5116,"date":"2019-10-28T08:35:15","date_gmt":"2019-10-28T06:35:15","guid":{"rendered":"https:\/\/ddt.lv\/product\/cr-p2-baterija-litijs-foto-6v-varta-bl1\/"},"modified":"2026-04-06T10:46:07","modified_gmt":"2026-04-06T07:46:07","slug":"cr-p2-baterija-litijs-foto-6v-varta-bl1","status":"publish","type":"product","link":"https:\/\/ddt.lv\/en\/product\/cr-p2-baterija-litijs-foto-6v-varta-bl1\/","title":{"rendered":"CR-P2 battery VARTA Photo Lithium 6V 1pc."},"content":{"rendered":"<p>Uzticamas, ilgi kalpojo\u0161as litija baterijas no ra\u017eot\u0101ja Varta. Nodro\u0161ina lielu jaudu \u012bs\u0101 mirkl\u012b. Lieliski piem\u0113rotas m\u016bsdienu viedaj\u0101m m\u0101j\u0101m, dro\u0161\u012bbam ier\u012bc\u0113m, foto apr\u012bkojumam, zibspuldz\u0113m un cit\u0101m iek\u0101rt\u0101m.<\/p>\n","protected":false},"excerpt":{"rendered":"<p>Uzticamas, ilgi kalpojo\u0161as litija baterijas no ra\u017eot\u0101ja Varta. Nodro\u0161ina lielu jaudu \u012bs\u0101 mirkl\u012b. Lieliski piem\u0113rotas m\u016bsdienu viedaj\u0101m m\u0101j\u0101m, dro\u0161\u012bbam ier\u012bc\u0113m, foto apr\u012bkojumam, zibspuldz\u0113m un cit\u0101m iek\u0101rt\u0101m.<\/p>\n","protected":false},"featured_media":33998,"comment_status":"closed","ping_status":"closed","template":"","meta":{"inline_featured_image":false},"product_cat":[772,449],"product_tag":[],"yst_prominent_words":[],"class_list":{"0":"post-5116","1":"product","2":"type-product","3":"status-publish","4":"has-post-thumbnail","6":"product_cat-atlaides","7":"product_cat-foto-litijs","9":"first","10":"instock","11":"sale","12":"taxable","13":"shipping-taxable","14":"purchasable","15":"product-type-simple"},"jetpack_sharing_enabled":true,"_links":{"self":[{"href":"https:\/\/ddt.lv\/en\/wp-json\/wp\/v2\/product\/5116"}],"collection":[{"href":"https:\/\/ddt.lv\/en\/wp-json\/wp\/v2\/product"}],"about":[{"href":"https:\/\/ddt.lv\/en\/wp-json\/wp\/v2\/types\/product"}],"replies":[{"embeddable":true,"href":"https:\/\/ddt.lv\/en\/wp-json\/wp\/v2\/comments?post=5116"}],"wp:featuredmedia":[{"embeddable":true,"href":"https:\/\/ddt.lv\/en\/wp-json\/wp\/v2\/media\/33998"}],"wp:attachment":[{"href":"https:\/\/ddt.lv\/en\/wp-json\/wp\/v2\/media?parent=5116"}],"wp:term":[{"taxonomy":"product_cat","embeddable":true,"href":"https:\/\/ddt.lv\/en\/wp-json\/wp\/v2\/product_cat?post=5116"},{"taxonomy":"product_tag","embeddable":true,"href":"https:\/\/ddt.lv\/en\/wp-json\/wp\/v2\/product_tag?post=5116"},{"taxonomy":"yst_prominent_words","embeddable":true,"href":"https:\/\/ddt.lv\/en\/wp-json\/wp\/v2\/yst_prominent_words?post=5116"}],"curies":[{"name":"wp","href":"https:\/\/api.w.org\/{rel}","templated":true}]}}