{"id":5088,"date":"2019-10-28T08:35:11","date_gmt":"2019-10-28T06:35:11","guid":{"rendered":"https:\/\/ddt.lv\/product\/dur-aaa-12-base-baterija-alkaline\/"},"modified":"2026-04-17T13:25:58","modified_gmt":"2026-04-17T10:25:58","slug":"dur-aaa-12-base-baterija-alkaline","status":"publish","type":"product","link":"https:\/\/ddt.lv\/en\/product\/dur-aaa-12-base-baterija-alkaline\/","title":{"rendered":"DUR AAA\/12 batteries Alkaline 12pcs.DURACELL"},"content":{"rendered":"<p>Duracell Basic \u2013 \u0161\u012b bateriju s\u0113rija izveidota lai nodro\u0161in\u0101tu ar nepiecie\u0161amo ener\u0123iju visas m\u0101jas ier\u012bces.<\/p>\n","protected":false},"excerpt":{"rendered":"<p>Duracell Basic \u2013 \u0161\u012b bateriju s\u0113rija izveidota lai nodro\u0161in\u0101tu ar nepiecie\u0161amo ener\u0123iju visas m\u0101jas ier\u012bces.<\/p>\n","protected":false},"featured_media":26405,"comment_status":"closed","ping_status":"closed","template":"","meta":{"inline_featured_image":false},"product_cat":[772,442],"product_tag":[],"yst_prominent_words":[],"class_list":{"0":"post-5088","1":"product","2":"type-product","3":"status-publish","4":"has-post-thumbnail","6":"product_cat-atlaides","7":"product_cat-aaa","9":"first","10":"instock","11":"sale","12":"taxable","13":"shipping-taxable","14":"purchasable","15":"product-type-simple"},"jetpack_sharing_enabled":true,"_links":{"self":[{"href":"https:\/\/ddt.lv\/en\/wp-json\/wp\/v2\/product\/5088"}],"collection":[{"href":"https:\/\/ddt.lv\/en\/wp-json\/wp\/v2\/product"}],"about":[{"href":"https:\/\/ddt.lv\/en\/wp-json\/wp\/v2\/types\/product"}],"replies":[{"embeddable":true,"href":"https:\/\/ddt.lv\/en\/wp-json\/wp\/v2\/comments?post=5088"}],"wp:featuredmedia":[{"embeddable":true,"href":"https:\/\/ddt.lv\/en\/wp-json\/wp\/v2\/media\/26405"}],"wp:attachment":[{"href":"https:\/\/ddt.lv\/en\/wp-json\/wp\/v2\/media?parent=5088"}],"wp:term":[{"taxonomy":"product_cat","embeddable":true,"href":"https:\/\/ddt.lv\/en\/wp-json\/wp\/v2\/product_cat?post=5088"},{"taxonomy":"product_tag","embeddable":true,"href":"https:\/\/ddt.lv\/en\/wp-json\/wp\/v2\/product_tag?post=5088"},{"taxonomy":"yst_prominent_words","embeddable":true,"href":"https:\/\/ddt.lv\/en\/wp-json\/wp\/v2\/yst_prominent_words?post=5088"}],"curies":[{"name":"wp","href":"https:\/\/api.w.org\/{rel}","templated":true}]}}