{"id":5078,"date":"2019-10-25T16:36:02","date_gmt":"2019-10-25T13:36:02","guid":{"rendered":"https:\/\/ddt.lv\/product\/v675at-1-45v-rayovac-baterija-akustika-extra-adv-bl6-hg0\/"},"modified":"2026-04-01T00:12:45","modified_gmt":"2026-03-31T21:12:45","slug":"v675at-1-45v-rayovac-baterija-akustika-extra-adv-bl6-hg0","status":"publish","type":"product","link":"https:\/\/ddt.lv\/en\/product\/v675at-1-45v-rayovac-baterija-akustika-extra-adv-bl6-hg0\/","title":{"rendered":"V675AT 1.45V hearing air batteries Rayovac Extra Advanced 6pcs."},"content":{"rendered":"<p>Rayovac &#8211;\u00a0 vado\u0161ais ra\u017eot\u0101js ar vair\u0101k k\u0101 110 gadu pieredzi baro\u0161anas elementu ra\u017eo\u0161an\u0101 medic\u012bnas ier\u012bc\u0113m.<\/p>\n","protected":false},"excerpt":{"rendered":"<p>Rayovac &#8211;\u00a0 vado\u0161ais ra\u017eot\u0101js ar vair\u0101k k\u0101 110 gadu pieredzi baro\u0161anas elementu ra\u017eo\u0161an\u0101 medic\u012bnas ier\u012bc\u0113m.<\/p>\n","protected":false},"featured_media":14726,"comment_status":"closed","ping_status":"closed","template":"","meta":{"inline_featured_image":false},"product_cat":[772,448],"product_tag":[],"yst_prominent_words":[],"class_list":{"0":"post-5078","1":"product","2":"type-product","3":"status-publish","4":"has-post-thumbnail","6":"product_cat-atlaides","7":"product_cat-dzirdes-aparatiem","9":"first","10":"instock","11":"sale","12":"taxable","13":"shipping-taxable","14":"purchasable","15":"product-type-simple"},"jetpack_sharing_enabled":true,"_links":{"self":[{"href":"https:\/\/ddt.lv\/en\/wp-json\/wp\/v2\/product\/5078"}],"collection":[{"href":"https:\/\/ddt.lv\/en\/wp-json\/wp\/v2\/product"}],"about":[{"href":"https:\/\/ddt.lv\/en\/wp-json\/wp\/v2\/types\/product"}],"replies":[{"embeddable":true,"href":"https:\/\/ddt.lv\/en\/wp-json\/wp\/v2\/comments?post=5078"}],"wp:featuredmedia":[{"embeddable":true,"href":"https:\/\/ddt.lv\/en\/wp-json\/wp\/v2\/media\/14726"}],"wp:attachment":[{"href":"https:\/\/ddt.lv\/en\/wp-json\/wp\/v2\/media?parent=5078"}],"wp:term":[{"taxonomy":"product_cat","embeddable":true,"href":"https:\/\/ddt.lv\/en\/wp-json\/wp\/v2\/product_cat?post=5078"},{"taxonomy":"product_tag","embeddable":true,"href":"https:\/\/ddt.lv\/en\/wp-json\/wp\/v2\/product_tag?post=5078"},{"taxonomy":"yst_prominent_words","embeddable":true,"href":"https:\/\/ddt.lv\/en\/wp-json\/wp\/v2\/yst_prominent_words?post=5078"}],"curies":[{"name":"wp","href":"https:\/\/api.w.org\/{rel}","templated":true}]}}