{"id":5056,"date":"2019-10-25T16:36:00","date_gmt":"2019-10-25T13:36:00","guid":{"rendered":"https:\/\/ddt.lv\/product\/102006-8-baterija-superlife-aa-varta-pleve\/"},"modified":"2026-04-06T10:47:04","modified_gmt":"2026-04-06T07:47:04","slug":"102006-8-baterija-superlife-aa-varta-pleve","status":"publish","type":"product","link":"https:\/\/ddt.lv\/en\/product\/102006-8-baterija-superlife-aa-varta-pleve\/","title":{"rendered":"102006\/8 AA batteries VARTA Superlife 8pcs. without package"},"content":{"rendered":"<p>Superlife \u2013 Uzticams ener\u0123ijas avots, piem\u0113rots ier\u012bc\u0113m ar mazu ener\u0123ijas pat\u0113ri\u0146u.<\/p>\n","protected":false},"excerpt":{"rendered":"<p>Superlife \u2013 Uzticams ener\u0123ijas avots, piem\u0113rots ier\u012bc\u0113m ar mazu ener\u0123ijas pat\u0113ri\u0146u.<\/p>\n","protected":false},"featured_media":33127,"comment_status":"closed","ping_status":"closed","template":"","meta":{"inline_featured_image":false},"product_cat":[441],"product_tag":[],"yst_prominent_words":[],"class_list":{"0":"post-5056","1":"product","2":"type-product","3":"status-publish","4":"has-post-thumbnail","6":"product_cat-aa","8":"first","9":"instock","10":"taxable","11":"shipping-taxable","12":"purchasable","13":"product-type-simple"},"jetpack_sharing_enabled":true,"_links":{"self":[{"href":"https:\/\/ddt.lv\/en\/wp-json\/wp\/v2\/product\/5056"}],"collection":[{"href":"https:\/\/ddt.lv\/en\/wp-json\/wp\/v2\/product"}],"about":[{"href":"https:\/\/ddt.lv\/en\/wp-json\/wp\/v2\/types\/product"}],"replies":[{"embeddable":true,"href":"https:\/\/ddt.lv\/en\/wp-json\/wp\/v2\/comments?post=5056"}],"wp:featuredmedia":[{"embeddable":true,"href":"https:\/\/ddt.lv\/en\/wp-json\/wp\/v2\/media\/33127"}],"wp:attachment":[{"href":"https:\/\/ddt.lv\/en\/wp-json\/wp\/v2\/media?parent=5056"}],"wp:term":[{"taxonomy":"product_cat","embeddable":true,"href":"https:\/\/ddt.lv\/en\/wp-json\/wp\/v2\/product_cat?post=5056"},{"taxonomy":"product_tag","embeddable":true,"href":"https:\/\/ddt.lv\/en\/wp-json\/wp\/v2\/product_tag?post=5056"},{"taxonomy":"yst_prominent_words","embeddable":true,"href":"https:\/\/ddt.lv\/en\/wp-json\/wp\/v2\/yst_prominent_words?post=5056"}],"curies":[{"name":"wp","href":"https:\/\/api.w.org\/{rel}","templated":true}]}}