{"id":5052,"date":"2019-10-25T16:35:59","date_gmt":"2019-10-25T13:35:59","guid":{"rendered":"https:\/\/ddt.lv\/product\/4920-2-1-5v-baterija-d-high-energy-spo-alkaline-varta\/"},"modified":"2026-04-08T14:26:23","modified_gmt":"2026-04-08T11:26:23","slug":"4920-2-1-5v-baterija-d-high-energy-spo-alkaline-varta","status":"publish","type":"product","link":"https:\/\/ddt.lv\/en\/product\/4920-2-1-5v-baterija-d-high-energy-spo-alkaline-varta\/","title":{"rendered":"4920\/2 1.5V D batteries VARTA Longlife Power Alkaline 2pcs."},"content":{"rendered":"<p>High energy \u2013 Apjom\u012bga ener\u0123ijas deva ilgsto\u0161as,past\u0101v\u012bgas jaudas izsalku\u0161\u0101m ier\u012bc\u0113m, piem\u0113ram, bezvadu datorpel\u0113m, rota\u013cliet\u0101m, kabatas lukturiem.<\/p>\n<p>&nbsp;<\/p>\n<p>\u0112rts iepakojums, no kura baterijas iesp\u0113jams iz\u0146emt pa vienai, t\u0101d\u0113j\u0101di nodro\u0161inot \u0113rtu bateriju uzglab\u0101\u0161anu l\u012bdz pat 10 gadiem.<\/p>\n","protected":false},"excerpt":{"rendered":"<p>High energy \u2013 Apjom\u012bga ener\u0123ijas deva ilgsto\u0161as,past\u0101v\u012bgas jaudas izsalku\u0161\u0101m ier\u012bc\u0113m, piem\u0113ram, bezvadu datorpel\u0113m, rota\u013cliet\u0101m, kabatas lukturiem. &nbsp; \u0112rts iepakojums, no kura baterijas iesp\u0113jams iz\u0146emt pa vienai, t\u0101d\u0113j\u0101di nodro\u0161inot \u0113rtu bateriju uzglab\u0101\u0161anu l\u012bdz pat 10 gadiem.<\/p>\n","protected":false},"featured_media":33358,"comment_status":"closed","ping_status":"closed","template":"","meta":{"inline_featured_image":false},"product_cat":[772,444],"product_tag":[],"yst_prominent_words":[],"class_list":{"0":"post-5052","1":"product","2":"type-product","3":"status-publish","4":"has-post-thumbnail","6":"product_cat-atlaides","7":"product_cat-d","9":"first","10":"instock","11":"sale","12":"taxable","13":"shipping-taxable","14":"purchasable","15":"product-type-simple"},"jetpack_sharing_enabled":true,"_links":{"self":[{"href":"https:\/\/ddt.lv\/en\/wp-json\/wp\/v2\/product\/5052"}],"collection":[{"href":"https:\/\/ddt.lv\/en\/wp-json\/wp\/v2\/product"}],"about":[{"href":"https:\/\/ddt.lv\/en\/wp-json\/wp\/v2\/types\/product"}],"replies":[{"embeddable":true,"href":"https:\/\/ddt.lv\/en\/wp-json\/wp\/v2\/comments?post=5052"}],"wp:featuredmedia":[{"embeddable":true,"href":"https:\/\/ddt.lv\/en\/wp-json\/wp\/v2\/media\/33358"}],"wp:attachment":[{"href":"https:\/\/ddt.lv\/en\/wp-json\/wp\/v2\/media?parent=5052"}],"wp:term":[{"taxonomy":"product_cat","embeddable":true,"href":"https:\/\/ddt.lv\/en\/wp-json\/wp\/v2\/product_cat?post=5052"},{"taxonomy":"product_tag","embeddable":true,"href":"https:\/\/ddt.lv\/en\/wp-json\/wp\/v2\/product_tag?post=5052"},{"taxonomy":"yst_prominent_words","embeddable":true,"href":"https:\/\/ddt.lv\/en\/wp-json\/wp\/v2\/yst_prominent_words?post=5052"}],"curies":[{"name":"wp","href":"https:\/\/api.w.org\/{rel}","templated":true}]}}