{"id":5046,"date":"2019-10-25T15:43:32","date_gmt":"2019-10-25T12:43:32","guid":{"rendered":"https:\/\/ddt.lv\/product\/56703-4-aaa-baterija-longlife-accu-800mah-ready-2-use-varta\/"},"modified":"2026-04-05T11:55:25","modified_gmt":"2026-04-05T08:55:25","slug":"56703-4-aaa-baterija-longlife-accu-800mah-ready-2-use-varta","status":"publish","type":"product","link":"https:\/\/ddt.lv\/en\/product\/56703-4-aaa-baterija-longlife-accu-800mah-ready-2-use-varta\/","title":{"rendered":"56703\/4 AAA batteries rechargable VARTA Accu Power 800mAh 4pcs."},"content":{"rendered":"<p>Varta Power l\u0101d\u0113jam\u0101s baterijas saglab\u0101 vismaz 75% no savas ietilp\u012bbas pat p\u0113c 12 m\u0113ne\u0161u lieto\u0161anas. Lieliski piem\u0113rotas ikdienas lieto\u0161an\u0101, var uzl\u0101d\u0113t ar jebkuru l\u0101d\u0113t\u0101ju.<\/p>\n","protected":false},"excerpt":{"rendered":"<p>Varta Power l\u0101d\u0113jam\u0101s baterijas saglab\u0101 vismaz 75% no savas ietilp\u012bbas pat p\u0113c 12 m\u0113ne\u0161u lieto\u0161anas. Lieliski piem\u0113rotas ikdienas lieto\u0161an\u0101, var uzl\u0101d\u0113t ar jebkuru l\u0101d\u0113t\u0101ju.<\/p>\n","protected":false},"featured_media":33201,"comment_status":"closed","ping_status":"closed","template":"","meta":{"inline_featured_image":false},"product_cat":[772,442],"product_tag":[],"yst_prominent_words":[],"class_list":{"0":"post-5046","1":"product","2":"type-product","3":"status-publish","4":"has-post-thumbnail","6":"product_cat-atlaides","7":"product_cat-aaa","9":"first","10":"instock","11":"sale","12":"taxable","13":"shipping-taxable","14":"purchasable","15":"product-type-simple"},"jetpack_sharing_enabled":true,"_links":{"self":[{"href":"https:\/\/ddt.lv\/en\/wp-json\/wp\/v2\/product\/5046"}],"collection":[{"href":"https:\/\/ddt.lv\/en\/wp-json\/wp\/v2\/product"}],"about":[{"href":"https:\/\/ddt.lv\/en\/wp-json\/wp\/v2\/types\/product"}],"replies":[{"embeddable":true,"href":"https:\/\/ddt.lv\/en\/wp-json\/wp\/v2\/comments?post=5046"}],"wp:featuredmedia":[{"embeddable":true,"href":"https:\/\/ddt.lv\/en\/wp-json\/wp\/v2\/media\/33201"}],"wp:attachment":[{"href":"https:\/\/ddt.lv\/en\/wp-json\/wp\/v2\/media?parent=5046"}],"wp:term":[{"taxonomy":"product_cat","embeddable":true,"href":"https:\/\/ddt.lv\/en\/wp-json\/wp\/v2\/product_cat?post=5046"},{"taxonomy":"product_tag","embeddable":true,"href":"https:\/\/ddt.lv\/en\/wp-json\/wp\/v2\/product_tag?post=5046"},{"taxonomy":"yst_prominent_words","embeddable":true,"href":"https:\/\/ddt.lv\/en\/wp-json\/wp\/v2\/yst_prominent_words?post=5046"}],"curies":[{"name":"wp","href":"https:\/\/api.w.org\/{rel}","templated":true}]}}