{"id":5044,"date":"2019-10-25T15:43:31","date_gmt":"2019-10-25T12:43:31","guid":{"rendered":"https:\/\/ddt.lv\/product\/4103-24-aaa-baterija-energy-alkaline-varta-box\/"},"modified":"2026-04-06T10:47:50","modified_gmt":"2026-04-06T07:47:50","slug":"4103-24-aaa-baterija-energy-alkaline-varta-box","status":"publish","type":"product","link":"https:\/\/ddt.lv\/en\/product\/4103-24-aaa-baterija-energy-alkaline-varta-box\/","title":{"rendered":"4103\/24 AAA batteries VARTA Energy Alkaline box 24pcs."},"content":{"rendered":"<p>Energy \u2013 Standarta Alkaline bateriju s\u0113rija, lieliski piem\u0113rota ikdienas vajadz\u012bbam, piem\u0113ram, TV pult\u012bm, sienas pulkste\u0146iem.<\/p>\n","protected":false},"excerpt":{"rendered":"<p>Energy \u2013 Standarta Alkaline bateriju s\u0113rija, lieliski piem\u0113rota ikdienas vajadz\u012bbam, piem\u0113ram, TV pult\u012bm, sienas pulkste\u0146iem.<\/p>\n","protected":false},"featured_media":33203,"comment_status":"closed","ping_status":"closed","template":"","meta":{"inline_featured_image":false},"product_cat":[772,442],"product_tag":[],"yst_prominent_words":[],"class_list":{"0":"post-5044","1":"product","2":"type-product","3":"status-publish","4":"has-post-thumbnail","6":"product_cat-atlaides","7":"product_cat-aaa","9":"first","10":"instock","11":"sale","12":"taxable","13":"shipping-taxable","14":"purchasable","15":"product-type-simple"},"jetpack_sharing_enabled":true,"_links":{"self":[{"href":"https:\/\/ddt.lv\/en\/wp-json\/wp\/v2\/product\/5044"}],"collection":[{"href":"https:\/\/ddt.lv\/en\/wp-json\/wp\/v2\/product"}],"about":[{"href":"https:\/\/ddt.lv\/en\/wp-json\/wp\/v2\/types\/product"}],"replies":[{"embeddable":true,"href":"https:\/\/ddt.lv\/en\/wp-json\/wp\/v2\/comments?post=5044"}],"wp:featuredmedia":[{"embeddable":true,"href":"https:\/\/ddt.lv\/en\/wp-json\/wp\/v2\/media\/33203"}],"wp:attachment":[{"href":"https:\/\/ddt.lv\/en\/wp-json\/wp\/v2\/media?parent=5044"}],"wp:term":[{"taxonomy":"product_cat","embeddable":true,"href":"https:\/\/ddt.lv\/en\/wp-json\/wp\/v2\/product_cat?post=5044"},{"taxonomy":"product_tag","embeddable":true,"href":"https:\/\/ddt.lv\/en\/wp-json\/wp\/v2\/product_tag?post=5044"},{"taxonomy":"yst_prominent_words","embeddable":true,"href":"https:\/\/ddt.lv\/en\/wp-json\/wp\/v2\/yst_prominent_words?post=5044"}],"curies":[{"name":"wp","href":"https:\/\/api.w.org\/{rel}","templated":true}]}}