{"id":38877,"date":"2024-02-01T12:00:23","date_gmt":"2024-02-01T10:00:23","guid":{"rendered":"https:\/\/ddt.lv\/lv\/product\/led-gls-a60-fil-cl-e27-4w-240v-840lm-2700k-platinium-sl-spuldze\/"},"modified":"2026-04-08T14:42:23","modified_gmt":"2026-04-08T11:42:23","slug":"led-gls-a60-fil-cl-e27-4w-240v-840lm-2700k-platinium-sl-spuldze","status":"publish","type":"product","link":"https:\/\/ddt.lv\/en\/product\/led-gls-a60-fil-cl-e27-4w-240v-840lm-2700k-platinum-sl-bulb\/","title":{"rendered":"LED GLS A60 FIL CL E27 4W 240V 840lm 2700K platinum SL bulb"},"content":{"rendered":"<p>\u012apa\u0161i efekt\u012bva LED kv\u0113ldiega lampu s\u0113rija ar klasiskaj\u0101m tradicion\u0101laj\u0101m lamp\u0101m rakstur\u012bgu izskatu.<br data-start=\"131\" data-end=\"134\" \/>Ietaupa l\u012bdz pat 95 % elektroener\u0123ijas izmaksu sal\u012bdzin\u0101jum\u0101 ar vecaj\u0101m kv\u0113lspuldz\u0113m.<br data-start=\"219\" data-end=\"222\" \/>Energoefektivit\u0101tes klase A un sav\u0101 klas\u0113 izcila gaismas efektivit\u0101te.<br data-start=\"292\" data-end=\"295\" \/>Ilgtsp\u0113j\u012bgs un videi draudz\u012bgs risin\u0101jums.<br data-start=\"337\" data-end=\"340\" \/>Kalpo tr\u012bs reizes ilg\u0101k nek\u0101 standarta LED aizvietot\u0101jlampas.<br data-start=\"401\" data-end=\"404\" \/>Iespaid\u012bgs vid\u0113jais nomin\u0101lais kalpo\u0161anas laiks \u2013 50 000 stundas, samazinot nepiecie\u0161am\u012bbu p\u0113c bie\u017eas nomai\u0146as.<br data-start=\"515\" data-end=\"518\" \/>Dzirksto\u0161s gaismas efekts.<br data-start=\"544\" data-end=\"547\" \/>Ide\u0101li piem\u0113rota ikdienas apgaismojumam m\u0101j\u0101s, viesn\u012bc\u0101s, restor\u0101nos un citur.<br data-start=\"625\" data-end=\"628\" \/>Visvirzienu (omnidirekcion\u0101ls) gaismas sadal\u012bjums.<br data-start=\"678\" data-end=\"681\" \/>Nav paredz\u0113ta spilgtuma regul\u0113\u0161anai (nedimm\u0113jama).<\/p>","protected":false},"excerpt":{"rendered":"<p>\u012apa\u0161i efekt\u012bva LED kv\u0113ldiega lampu s\u0113rija ar klasiskaj\u0101m tradicion\u0101laj\u0101m lamp\u0101m rakstur\u012bgu izskatu.Ietaupa l\u012bdz pat 95 % elektroener\u0123ijas izmaksu sal\u012bdzin\u0101jum\u0101 ar vecaj\u0101m kv\u0113lspuldz\u0113m.Energoefektivit\u0101tes klase A un sav\u0101 klas\u0113 izcila gaismas efektivit\u0101te.Ilgtsp\u0113j\u012bgs un videi draudz\u012bgs risin\u0101jums.Kalpo tr\u012bs reizes ilg\u0101k nek\u0101 standarta LED aizvietot\u0101jlampas.Iespaid\u012bgs vid\u0113jais nomin\u0101lais kalpo\u0161anas laiks \u2013 50 000 stundas, samazinot nepiecie\u0161am\u012bbu p\u0113c bie\u017eas nomai\u0146as.Dzirksto\u0161s gaismas [&hellip;]<\/p>\n","protected":false},"featured_media":39003,"comment_status":"closed","ping_status":"closed","template":"","meta":{"inline_featured_image":false},"product_cat":[772,925],"product_tag":[],"yst_prominent_words":[],"class_list":{"0":"post-38877","1":"product","2":"type-product","3":"status-publish","4":"has-post-thumbnail","6":"product_cat-atlaides","7":"product_cat-filament-tipa-spuldzes","9":"first","10":"instock","11":"sale","12":"taxable","13":"shipping-taxable","14":"purchasable","15":"product-type-simple"},"jetpack_sharing_enabled":true,"_links":{"self":[{"href":"https:\/\/ddt.lv\/en\/wp-json\/wp\/v2\/product\/38877"}],"collection":[{"href":"https:\/\/ddt.lv\/en\/wp-json\/wp\/v2\/product"}],"about":[{"href":"https:\/\/ddt.lv\/en\/wp-json\/wp\/v2\/types\/product"}],"replies":[{"embeddable":true,"href":"https:\/\/ddt.lv\/en\/wp-json\/wp\/v2\/comments?post=38877"}],"wp:featuredmedia":[{"embeddable":true,"href":"https:\/\/ddt.lv\/en\/wp-json\/wp\/v2\/media\/39003"}],"wp:attachment":[{"href":"https:\/\/ddt.lv\/en\/wp-json\/wp\/v2\/media?parent=38877"}],"wp:term":[{"taxonomy":"product_cat","embeddable":true,"href":"https:\/\/ddt.lv\/en\/wp-json\/wp\/v2\/product_cat?post=38877"},{"taxonomy":"product_tag","embeddable":true,"href":"https:\/\/ddt.lv\/en\/wp-json\/wp\/v2\/product_tag?post=38877"},{"taxonomy":"yst_prominent_words","embeddable":true,"href":"https:\/\/ddt.lv\/en\/wp-json\/wp\/v2\/yst_prominent_words?post=38877"}],"curies":[{"name":"wp","href":"https:\/\/api.w.org\/{rel}","templated":true}]}}