{"id":35091,"date":"2022-10-31T13:20:25","date_gmt":"2022-10-31T11:20:25","guid":{"rendered":"https:\/\/ddt.lv\/lv\/product\/led-usb-lampa-platinet-1-2w-oranza\/"},"modified":"2026-04-13T10:02:08","modified_gmt":"2026-04-13T07:02:08","slug":"led-usb-lampa-platinet-1-2w-oranza","status":"publish","type":"product","link":"https:\/\/ddt.lv\/en\/product\/led-usb-lamp-platinet-1-2w-orange\/","title":{"rendered":"LED USB lamp Platinet 1.2W Orange"},"content":{"rendered":"<p><\/span><\/span><\/span><\/p>\n<p>Reading lamp USB 1,2W, orange<\/p>\n<p>It is a Small and easy to portable ultra bright Mini LED light. compact and light weight.can be used on both desk and bedside table, or to go out. So convenient. its soft shade, avoid the direct LED light shine, more effective protection of eyesight. its flexible body Suitable for all occasions Can be connected to the PC USB port.if you have a USB port, you can use this little light. It&#8217;s rather like the Bendy cable in that it can be twisted or turned around to suit your needs.<\/p>\n<p><span class=\"HwtZe\" lang=\"lv\"><span class=\"jCAhz ChMk0b\"><span class=\"ryNqvb\">Las\u012b\u0161anas lampa USB 1,2W, oran\u017ea<\/span><\/span><\/span><\/p>\n<p><span class=\"HwtZe\" lang=\"lv\"><span class=\"jCAhz ChMk0b\"><span class=\"ryNqvb\">T\u0101 ir maza un viegli p\u0101rn\u0113s\u0101jama \u012bpa\u0161i spilgta mini LED gaisma.<\/span><\/span> K<span class=\"jCAhz ChMk0b\"><span class=\"ryNqvb\">ompakta un viegla, var izmantot gan uz rakst\u0101mgalda, gan uz naktsgaldi\u0146a, vai ar\u012b iziet \u0101r\u0101.<\/span><\/span> <span class=\"jCAhz ChMk0b\"><span class=\"ryNqvb\">T<\/span><\/span><span class=\"jCAhz ChMk0b\"><span class=\"ryNqvb\">\u0101 ir maigas nokr\u0101sas, izvairoties no tie\u0161as LED gaismas sp\u012bduma, efekt\u012bv\u0101ka redzes aizsardz\u012bba,<\/span><\/span> <span class=\"jCAhz ChMk0b\"><span class=\"ryNqvb\">t\u0101 elast\u012bgais korpuss piem\u0113rots visiem gad\u012bjumiem. Var pievienot datora USB portam, ja jums ir USB ports, varat izmantot \u0161o mazo apgaismojumu.<\/span><\/span><\/span><\/p>\n<p>Reading lamp USB 1,2W, orange<\/p>\n<p>It is a Small and easy to portable ultra bright Mini LED light. compact and light weight.can be used on both desk and bedside table, or to go out. So convenient. its soft shade, avoid the direct LED light shine, more effective protection of eyesight. its flexible body Suitable for all occasions Can be connected to the PC USB port.if you have a USB port, you can use this little light. It&#8217;s rather like the Bendy cable in that it can be twisted or turned around to suit your needs.<\/p>\n<p><span class=\"HwtZe\" lang=\"lv\"><span class=\"jCAhz ChMk0b\"><span class=\"ryNqvb\">Las\u012b\u0161anas lampa USB 1,2W, oran\u017ea<\/span><\/span><\/span><\/p>\n<p><span class=\"HwtZe\" lang=\"lv\"><span class=\"jCAhz ChMk0b\"><span class=\"ryNqvb\">T\u0101 ir maza un viegli p\u0101rn\u0113s\u0101jama \u012bpa\u0161i spilgta mini LED gaisma.<\/span><\/span> K<span class=\"jCAhz ChMk0b\"><span class=\"ryNqvb\">ompakta un viegla, var izmantot gan uz rakst\u0101mgalda, gan uz naktsgaldi\u0146a, vai ar\u012b iziet \u0101r\u0101.<\/span><\/span> <span class=\"jCAhz ChMk0b\"><span class=\"ryNqvb\">T<\/span><\/span><span class=\"jCAhz ChMk0b\"><span class=\"ryNqvb\">\u0101 ir maigas nokr\u0101sas, izvairoties no tie\u0161as LED gaismas sp\u012bduma, efekt\u012bv\u0101ka redzes aizsardz\u012bba,<\/span><\/span> <span class=\"jCAhz ChMk0b\"><span class=\"ryNqvb\">t\u0101 elast\u012bgais korpuss piem\u0113rots visiem gad\u012bjumiem. Var pievienot datora USB portam, ja jums ir USB ports, varat izmantot \u0161o mazo apgaismojumu.<\/span><\/span><\/span><\/span><\/span><\/span><\/p>\n<p>Reading lamp USB 1,2W, orange<\/p>\n<p>It is a Small and easy to portable ultra bright Mini LED light. compact and light weight.can be used on both desk and bedside table, or to go out. So convenient. its soft shade, avoid the direct LED light shine, more effective protection of eyesight. its flexible body Suitable for all occasions Can be connected to the PC USB port.if you have a USB port, you can use this little light. It&#8217;s rather like the Bendy cable in that it can be twisted or turned around to suit your needs.<\/p>\n<p><span class=\"HwtZe\" lang=\"lv\"><span class=\"jCAhz ChMk0b\"><span class=\"ryNqvb\">Las\u012b\u0161anas lampa USB 1,2W, oran\u017ea<\/span><\/span><\/span><\/p>\n<p><span class=\"HwtZe\" lang=\"lv\"><span class=\"jCAhz ChMk0b\"><span class=\"ryNqvb\">T\u0101 ir maza un viegli p\u0101rn\u0113s\u0101jama \u012bpa\u0161i spilgta mini LED gaisma.<\/span><\/span> K<span class=\"jCAhz ChMk0b\"><span class=\"ryNqvb\">ompakta un viegla, var izmantot gan uz rakst\u0101mgalda, gan uz naktsgaldi\u0146a, vai ar\u012b iziet \u0101r\u0101.<\/span><\/span> <span class=\"jCAhz ChMk0b\"><span class=\"ryNqvb\">T<\/span><\/span><span class=\"jCAhz ChMk0b\"><span class=\"ryNqvb\">\u0101 ir maigas nokr\u0101sas, izvairoties no tie\u0161as LED gaismas sp\u012bduma, efekt\u012bv\u0101ka redzes aizsardz\u012bba,<\/span><\/span> <span class=\"jCAhz ChMk0b\"><span class=\"ryNqvb\">t\u0101 elast\u012bgais korpuss piem\u0113rots visiem gad\u012bjumiem. Var pievienot datora USB portam, ja jums ir USB ports, varat izmantot \u0161o mazo apgaismojumu.<\/span><\/span><\/span><\/span><\/span><\/span><\/p>\n<p>Reading lamp USB 1,2W, orange<\/p>\n<p>It is a Small and easy to portable ultra bright Mini LED light. compact and light weight.can be used on both desk and bedside table, or to go out. So convenient. its soft shade, avoid the direct LED light shine, more effective protection of eyesight. its flexible body Suitable for all occasions Can be connected to the PC USB port.if you have a USB port, you can use this little light. It&#8217;s rather like the Bendy cable in that it can be twisted or turned around to suit your needs.<\/p>\n<p>&nbsp;<span class=\"HwtZe\" lang=\"lv\"><span class=\"jCAhz ChMk0b\"><span class=\"ryNqvb\">Las\u012b\u0161anas lampa USB 1,2W, oran\u017ea<\/span><\/span><\/span><\/p>\n<p><span class=\"HwtZe\" lang=\"lv\"><span class=\"jCAhz ChMk0b\"><span class=\"ryNqvb\">T\u0101 ir maza un viegli p\u0101rn\u0113s\u0101jama \u012bpa\u0161i spilgta mini LED gaisma.<\/span><\/span> K<span class=\"jCAhz ChMk0b\"><span class=\"ryNqvb\">ompakta un viegla, var izmantot gan uz rakst\u0101mgalda, gan uz naktsgaldi\u0146a, vai ar\u012b iziet \u0101r\u0101.<\/span><\/span> <span class=\"jCAhz ChMk0b\"><span class=\"ryNqvb\">T<\/span><\/span><span class=\"jCAhz ChMk0b\"><span class=\"ryNqvb\">\u0101 ir maigas nokr\u0101sas, izvairoties no tie\u0161as LED gaismas sp\u012bduma, efekt\u012bv\u0101ka redzes aizsardz\u012bba,<\/span><\/span> <span class=\"jCAhz ChMk0b\"><span class=\"ryNqvb\">t\u0101 elast\u012bgais korpuss piem\u0113rots visiem gad\u012bjumiem. Var pievienot datora USB portam, ja jums ir USB ports, varat izmantot \u0161o mazo apgaismojumu.<\/span><\/span><\/span><\/p>","protected":false},"excerpt":{"rendered":"<p>Reading lamp USB 1,2W, orange It is a Small and easy to portable ultra bright Mini LED light. compact and light weight.can be used on both desk and bedside table, or to go out. So convenient. its soft shade, avoid the direct LED light shine, more effective protection of eyesight. its flexible body Suitable for [&hellip;]<\/p>\n","protected":false},"featured_media":35092,"comment_status":"closed","ping_status":"closed","template":"","meta":{"inline_featured_image":false},"product_cat":[1292,726,746],"product_tag":[],"yst_prominent_words":[],"class_list":{"0":"post-35091","1":"product","2":"type-product","3":"status-publish","4":"has-post-thumbnail","6":"product_cat-galda-lampas-un-stavlampas-apgaismojums","7":"product_cat-kabatas","8":"product_cat-pagarinataji-pagarinataji-un-sadalitaji","10":"first","11":"instock","12":"taxable","13":"shipping-taxable","14":"purchasable","15":"product-type-simple"},"jetpack_sharing_enabled":true,"_links":{"self":[{"href":"https:\/\/ddt.lv\/en\/wp-json\/wp\/v2\/product\/35091"}],"collection":[{"href":"https:\/\/ddt.lv\/en\/wp-json\/wp\/v2\/product"}],"about":[{"href":"https:\/\/ddt.lv\/en\/wp-json\/wp\/v2\/types\/product"}],"replies":[{"embeddable":true,"href":"https:\/\/ddt.lv\/en\/wp-json\/wp\/v2\/comments?post=35091"}],"wp:featuredmedia":[{"embeddable":true,"href":"https:\/\/ddt.lv\/en\/wp-json\/wp\/v2\/media\/35092"}],"wp:attachment":[{"href":"https:\/\/ddt.lv\/en\/wp-json\/wp\/v2\/media?parent=35091"}],"wp:term":[{"taxonomy":"product_cat","embeddable":true,"href":"https:\/\/ddt.lv\/en\/wp-json\/wp\/v2\/product_cat?post=35091"},{"taxonomy":"product_tag","embeddable":true,"href":"https:\/\/ddt.lv\/en\/wp-json\/wp\/v2\/product_tag?post=35091"},{"taxonomy":"yst_prominent_words","embeddable":true,"href":"https:\/\/ddt.lv\/en\/wp-json\/wp\/v2\/yst_prominent_words?post=35091"}],"curies":[{"name":"wp","href":"https:\/\/api.w.org\/{rel}","templated":true}]}}