{"id":35009,"date":"2022-10-18T14:40:45","date_gmt":"2022-10-18T11:40:45","guid":{"rendered":"https:\/\/ddt.lv\/lv\/product\/led-galda-lampa-uzl-4w-200lm-2400mah-balta-platinet\/"},"modified":"2026-04-13T09:57:56","modified_gmt":"2026-04-13T06:57:56","slug":"led-galda-lampa-uzl-4w-200lm-2400mah-balta-platinet","status":"publish","type":"product","link":"https:\/\/ddt.lv\/en\/product\/latviesu-led-galda-lampa-uzl-4w-200lm-2400mah-balta-platinet\/","title":{"rendered":"(Latvie\u0161u) LED Galda lampa uzl. 4W 200lm 2400mAh balta PLATINET"},"content":{"rendered":"<p><\/p>\n<p>The Platinet lamp has a three-stage light adjustment, which enables gentle background lighting and workplace lighting. In addition, it can be used as a night or decorative lamp. The lamp is dimmable and the intensity and direction of the light can be adjusted. Thanks to LED technology, the lamp is very energy-efficient and does not get hot. Convenience and practicality are added by the battery bank function, which allows you to charge a smartphone or tablet via the microUSB socket, while keeping it in the holder on the lamp.Platinet lampai ir tr\u012bs pak\u0101pju gaismas regul\u0113\u0161ana, kas nodro\u0161ina maigu fona apgaismojumu un darba vietas apgaismojumu. Turkl\u0101t to var izmantot k\u0101 nakts vai dekorat\u012bvu lampu. Lampa ir aptum\u0161ojama un regul\u0113jama gaismas intensit\u0101te un virziens. Pateicoties LED tehnolo\u0123ijai, lampa ir \u013coti energoefekt\u012bva un nesakarst. \u0112rt\u012bbu un praktiskumu pievieno akumulatoru bankas funkcija, kas \u013cauj uzl\u0101d\u0113t viedt\u0101lruni vai plan\u0161etdatoru, izmantojot microUSB ligzdu, vienlaikus paturot to tur\u0113t\u0101j\u0101 uz lampas. Gaismas pl\u016bsma: 200 lm Darba temperat\u016bra: 0\u201340\u00b0 C 42 LED lampas CRI: 80 Ra IP aizsardz\u012bbas klase: IP20 Akumulators: 2400 mAh Uzl\u0101des laiks: 5 h Lieto\u0161anas laiks: 6 h Gaismas spilgtuma regul\u0113\u0161ana Sl\u012bpuma le\u0146\u0137a regul\u0113\u0161ana MicroUSB kabelis 0,9 m iek\u013cauti.<\/p>\n<p>The Platinet lamp has a three-stage light adjustment, which enables gentle background lighting and workplace lighting. In addition, it can be used as a night or decorative lamp. The lamp is dimmable and the intensity and direction of the light can be adjusted. Thanks to LED technology, the lamp is very energy-efficient and does not get hot. Convenience and practicality are added by the battery bank function, which allows you to charge a smartphone or tablet via the microUSB socket, while keeping it in the holder on the lamp.Platinet lampai ir tr\u012bs pak\u0101pju gaismas regul\u0113\u0161ana, kas nodro\u0161ina maigu fona apgaismojumu un darba vietas apgaismojumu. Turkl\u0101t to var izmantot k\u0101 nakts vai dekorat\u012bvu lampu. Lampa ir aptum\u0161ojama un regul\u0113jama gaismas intensit\u0101te un virziens. Pateicoties LED tehnolo\u0123ijai, lampa ir \u013coti energoefekt\u012bva un nesakarst. \u0112rt\u012bbu un praktiskumu pievieno akumulatoru bankas funkcija, kas \u013cauj uzl\u0101d\u0113t viedt\u0101lruni vai plan\u0161etdatoru, izmantojot microUSB ligzdu, vienlaikus paturot to tur\u0113t\u0101j\u0101 uz lampas. Gaismas pl\u016bsma: 200 lm Darba temperat\u016bra: 0\u201340\u00b0 C 42 LED lampas CRI: 80 Ra IP aizsardz\u012bbas klase: IP20 Akumulators: 2400 mAh Uzl\u0101des laiks: 5 h Lieto\u0161anas laiks: 6 h Gaismas spilgtuma regul\u0113\u0161ana Sl\u012bpuma le\u0146\u0137a regul\u0113\u0161ana MicroUSB kabelis 0,9 m iek\u013cauti.<\/p>","protected":false},"excerpt":{"rendered":"<p>The Platinet lamp has a three-stage light adjustment, which enables gentle background lighting and workplace lighting. In addition, it can be used as a night or decorative lamp. The lamp is dimmable and the intensity and direction of the light can be adjusted. Thanks to LED technology, the lamp is very energy-efficient and does not [&hellip;]<\/p>\n","protected":false},"featured_media":35018,"comment_status":"closed","ping_status":"closed","template":"","meta":{"inline_featured_image":false},"product_cat":[1292],"product_tag":[],"yst_prominent_words":[],"class_list":{"0":"post-35009","1":"product","2":"type-product","3":"status-publish","4":"has-post-thumbnail","6":"product_cat-galda-lampas-un-stavlampas-apgaismojums","8":"first","9":"outofstock","10":"taxable","11":"shipping-taxable","12":"purchasable","13":"product-type-simple"},"jetpack_sharing_enabled":true,"_links":{"self":[{"href":"https:\/\/ddt.lv\/en\/wp-json\/wp\/v2\/product\/35009"}],"collection":[{"href":"https:\/\/ddt.lv\/en\/wp-json\/wp\/v2\/product"}],"about":[{"href":"https:\/\/ddt.lv\/en\/wp-json\/wp\/v2\/types\/product"}],"replies":[{"embeddable":true,"href":"https:\/\/ddt.lv\/en\/wp-json\/wp\/v2\/comments?post=35009"}],"wp:featuredmedia":[{"embeddable":true,"href":"https:\/\/ddt.lv\/en\/wp-json\/wp\/v2\/media\/35018"}],"wp:attachment":[{"href":"https:\/\/ddt.lv\/en\/wp-json\/wp\/v2\/media?parent=35009"}],"wp:term":[{"taxonomy":"product_cat","embeddable":true,"href":"https:\/\/ddt.lv\/en\/wp-json\/wp\/v2\/product_cat?post=35009"},{"taxonomy":"product_tag","embeddable":true,"href":"https:\/\/ddt.lv\/en\/wp-json\/wp\/v2\/product_tag?post=35009"},{"taxonomy":"yst_prominent_words","embeddable":true,"href":"https:\/\/ddt.lv\/en\/wp-json\/wp\/v2\/yst_prominent_words?post=35009"}],"curies":[{"name":"wp","href":"https:\/\/api.w.org\/{rel}","templated":true}]}}