{"id":32629,"date":"2022-02-08T14:30:19","date_gmt":"2022-02-08T12:30:19","guid":{"rendered":"https:\/\/ddt.lv\/lv\/product\/led-gls-a60-filament-e27-4w-240v-380lm-ip54-oranza-spuldze-sylvania\/"},"modified":"2026-04-13T10:01:49","modified_gmt":"2026-04-13T07:01:49","slug":"led-gls-a60-filament-e27-4w-240v-380lm-ip54-oranza-spuldze-sylvania","status":"publish","type":"product","link":"https:\/\/ddt.lv\/en\/product\/led-gls-a60-filament-e27-4w-240v-380lm-ip54-orange-bulb-sylvania\/","title":{"rendered":"LED GLS A60 FILAMENT E27 4W 240V 380lm IP54 orange bulb Sylvania"},"content":{"rendered":"<p>Sylvania filament spuldze, 4W, 380lm, ar augstu putek\u013cu un iztur\u012bbas klasi &#8211; IP54, kr\u0101sa &#8211; oran\u017ea. Katrs LED kv\u0113ldiegs ir p\u0101rkl\u0101ts ar unik\u0101lu kr\u0101sainu fluoresc\u0113jo\u0161u fosforu, radot visintens\u012bv\u0101k\u0101s un pies\u0101tin\u0101t\u0101k\u0101s kr\u0101sas tirg\u016b, &#8211; Caursp\u012bd\u012bga \u0101r\u0113j\u0101 A60 spuldze, kas nodro\u0161ina nek\u0101dus gaismas zudumus kr\u0101sota stikla spuldzes absorbcijas d\u0113\u013c, nodro\u0161inot augstu gaismas atdevi, &#8211; Pilna stikla konstrukcija bez \u0101r\u0113j\u0101 lakas p\u0101rkl\u0101juma, kas nolob\u0101s vai noskr\u0101p\u0113jas, lietojot \u0101rpus telp\u0101m, nodro\u0161inot ilgsto\u0161u kr\u0101su, &#8211; IP54 \u016bdens\/putek\u013cu\/net\u012brumu iztur\u012bgaEach LED filament is coated with a unique coloured fluorescent phosphor creating the most intense and saturated colours on the market, &#8211; Clear outer A60 bulb ensuring no light losses due to absorption by painted glass bulbs, ensuring high lumen output, &#8211; Full glass construction with no external lacquer coating to peel or scratch off when used outdoors, ensuring long-life colour, &#8211; IP54 water\/dust\/dirt resistant.<\/p>\n<p>Sylvania filament spuldze, 4W, 380lm, ar augstu putek\u013cu un iztur\u012bbas klasi &#8211; IP54, kr\u0101sa &#8211; oran\u017ea. Katrs LED kv\u0113ldiegs ir p\u0101rkl\u0101ts ar unik\u0101lu kr\u0101sainu fluoresc\u0113jo\u0161u fosforu, radot visintens\u012bv\u0101k\u0101s un pies\u0101tin\u0101t\u0101k\u0101s kr\u0101sas tirg\u016b, &#8211; Caursp\u012bd\u012bga \u0101r\u0113j\u0101 A60 spuldze, kas nodro\u0161ina nek\u0101dus gaismas zudumus kr\u0101sota stikla spuldzes absorbcijas d\u0113\u013c, nodro\u0161inot augstu gaismas atdevi, &#8211; Pilna stikla konstrukcija bez \u0101r\u0113j\u0101 lakas p\u0101rkl\u0101juma, kas nolob\u0101s vai noskr\u0101p\u0113jas, lietojot \u0101rpus telp\u0101m, nodro\u0161inot ilgsto\u0161u kr\u0101su, &#8211; IP54 \u016bdens\/putek\u013cu\/net\u012brumu iztur\u012bgaEach LED filament is coated with a unique coloured fluorescent phosphor creating the most intense and saturated colours on the market, &#8211; Clear outer A60 bulb ensuring no light losses due to absorption by painted glass bulbs, ensuring high lumen output, &#8211; Full glass construction with no external lacquer coating to peel or scratch off when used outdoors, ensuring long-life colour, &#8211; IP54 water\/dust\/dirt resistant.<\/p>\n<p><\/p>","protected":false},"excerpt":{"rendered":"<p>Sylvania filament spuldze, 4W, 380lm, ar augstu putek\u013cu un iztur\u012bbas klasi &#8211; IP54, kr\u0101sa &#8211; oran\u017ea. Katrs LED kv\u0113ldiegs ir p\u0101rkl\u0101ts ar unik\u0101lu kr\u0101sainu fluoresc\u0113jo\u0161u fosforu, radot visintens\u012bv\u0101k\u0101s un pies\u0101tin\u0101t\u0101k\u0101s kr\u0101sas tirg\u016b, &#8211; Caursp\u012bd\u012bga \u0101r\u0113j\u0101 A60 spuldze, kas nodro\u0161ina nek\u0101dus gaismas zudumus kr\u0101sota stikla spuldzes absorbcijas d\u0113\u013c, nodro\u0161inot augstu gaismas atdevi, &#8211; Pilna stikla konstrukcija [&hellip;]<\/p>\n","protected":false},"featured_media":32639,"comment_status":"closed","ping_status":"closed","template":"","meta":{"inline_featured_image":false},"product_cat":[1332],"product_tag":[],"yst_prominent_words":[],"class_list":{"0":"post-32629","1":"product","2":"type-product","3":"status-publish","4":"has-post-thumbnail","6":"product_cat-krasainas-led-spuldzes","8":"first","9":"instock","10":"taxable","11":"shipping-taxable","12":"purchasable","13":"product-type-simple"},"jetpack_sharing_enabled":true,"_links":{"self":[{"href":"https:\/\/ddt.lv\/en\/wp-json\/wp\/v2\/product\/32629"}],"collection":[{"href":"https:\/\/ddt.lv\/en\/wp-json\/wp\/v2\/product"}],"about":[{"href":"https:\/\/ddt.lv\/en\/wp-json\/wp\/v2\/types\/product"}],"replies":[{"embeddable":true,"href":"https:\/\/ddt.lv\/en\/wp-json\/wp\/v2\/comments?post=32629"}],"wp:featuredmedia":[{"embeddable":true,"href":"https:\/\/ddt.lv\/en\/wp-json\/wp\/v2\/media\/32639"}],"wp:attachment":[{"href":"https:\/\/ddt.lv\/en\/wp-json\/wp\/v2\/media?parent=32629"}],"wp:term":[{"taxonomy":"product_cat","embeddable":true,"href":"https:\/\/ddt.lv\/en\/wp-json\/wp\/v2\/product_cat?post=32629"},{"taxonomy":"product_tag","embeddable":true,"href":"https:\/\/ddt.lv\/en\/wp-json\/wp\/v2\/product_tag?post=32629"},{"taxonomy":"yst_prominent_words","embeddable":true,"href":"https:\/\/ddt.lv\/en\/wp-json\/wp\/v2\/yst_prominent_words?post=32629"}],"curies":[{"name":"wp","href":"https:\/\/api.w.org\/{rel}","templated":true}]}}