{"id":29830,"date":"2021-11-25T12:00:35","date_gmt":"2021-11-25T10:00:35","guid":{"rendered":"https:\/\/ddt.lv\/lv\/product\/virtene-ziemassvetku-300led-6w-bumbinas-baltas-cw-ip44-30m-taimeris-emos\/"},"modified":"2026-04-13T10:01:09","modified_gmt":"2026-04-13T07:01:09","slug":"virtene-ziemassvetku-300led-6w-bumbinas-baltas-cw-ip44-30m-taimeris-emos","status":"publish","type":"product","link":"https:\/\/ddt.lv\/en\/product\/chain-christmas-300led-6w-balls-white-cw-ip44-30m-timer-emos\/","title":{"rendered":"Chain Christmas 300LED 6W balls white CW IP44 30m timer EMOS"},"content":{"rendered":"<p>cold white.<br \/>\nsize 30 m.<br \/>\nball shape.<br \/>\nfor outdoor and indoor use.<br \/>\ntimer.<br \/>\npower type network adapter.<br \/>\nNumber of LEDs 300.<br \/>\nLED spacing 10 cm.<br \/>\nLED size 10 mm.<br \/>\ninlet length 5 m.<br \/>\ntree 250 cm high.<br \/>\nwire color green.<br \/>\npower consumption 6 W,<br \/>\ninput voltage 230 V AC.<br \/>\nIP44 protection.<br \/>\nVair\u0101k par \u0161o avottekstu<br \/>\nLai ieg\u016btu papildu tulkojuma inform\u0101ciju, j\u0101ievada avotteksts<br \/>\nS\u016bt\u012bt atsauksmes<br \/>\nS\u0101nu pane\u013ci<br \/>\n<\/p>","protected":false},"excerpt":{"rendered":"<p>cold white. size 30 m. ball shape. for outdoor and indoor use. timer. power type network adapter. Number of LEDs 300. LED spacing 10 cm. LED size 10 mm. inlet length 5 m. tree 250 cm high. wire color green. power consumption 6 W, input voltage 230 V AC. IP44 protection. Vair\u0101k par \u0161o avottekstu [&hellip;]<\/p>\n","protected":false},"featured_media":30603,"comment_status":"closed","ping_status":"closed","template":"","meta":{"inline_featured_image":false},"product_cat":[772,912],"product_tag":[],"yst_prominent_words":[],"class_list":{"0":"post-29830","1":"product","2":"type-product","3":"status-publish","4":"has-post-thumbnail","6":"product_cat-atlaides","7":"product_cat-ara-virtenes","9":"first","10":"instock","11":"sale","12":"taxable","13":"shipping-taxable","14":"purchasable","15":"product-type-simple"},"jetpack_sharing_enabled":true,"_links":{"self":[{"href":"https:\/\/ddt.lv\/en\/wp-json\/wp\/v2\/product\/29830"}],"collection":[{"href":"https:\/\/ddt.lv\/en\/wp-json\/wp\/v2\/product"}],"about":[{"href":"https:\/\/ddt.lv\/en\/wp-json\/wp\/v2\/types\/product"}],"replies":[{"embeddable":true,"href":"https:\/\/ddt.lv\/en\/wp-json\/wp\/v2\/comments?post=29830"}],"wp:featuredmedia":[{"embeddable":true,"href":"https:\/\/ddt.lv\/en\/wp-json\/wp\/v2\/media\/30603"}],"wp:attachment":[{"href":"https:\/\/ddt.lv\/en\/wp-json\/wp\/v2\/media?parent=29830"}],"wp:term":[{"taxonomy":"product_cat","embeddable":true,"href":"https:\/\/ddt.lv\/en\/wp-json\/wp\/v2\/product_cat?post=29830"},{"taxonomy":"product_tag","embeddable":true,"href":"https:\/\/ddt.lv\/en\/wp-json\/wp\/v2\/product_tag?post=29830"},{"taxonomy":"yst_prominent_words","embeddable":true,"href":"https:\/\/ddt.lv\/en\/wp-json\/wp\/v2\/yst_prominent_words?post=29830"}],"curies":[{"name":"wp","href":"https:\/\/api.w.org\/{rel}","templated":true}]}}