{"id":27357,"date":"2021-07-20T15:40:21","date_gmt":"2021-07-20T12:40:21","guid":{"rendered":"https:\/\/ddt.lv\/lv\/product\/powerbank-20-000-mah-74-wh-micro-usb-usb-c-balts-alphaq-emos\/"},"modified":"2026-04-08T14:31:41","modified_gmt":"2026-04-08T11:31:41","slug":"powerbank-20-000-mah-74-wh-micro-usb-usb-c-balts-alphaq-emos","status":"publish","type":"product","link":"https:\/\/ddt.lv\/en\/product\/powerbank-20000-mah-74-wh-micro-usb-usb-c-white-alphaq-emos\/","title":{"rendered":"Powerbank 20,000 mAh \/ 74 Wh Micro USB \/ USB-C white ALPHAQ EMOS"},"content":{"rendered":"<p>Eleganta un kompakta jaudas banka pied\u0101v\u0101 20 000 mAh jaudu un 74 Wh kop\u0113jo jaudu. EMOS AlphaQ 20, 20000 mAh jaudas bankai 1613052501 ir 1x USB-C un 1x USB savienot\u0101js, t\u0101p\u0113c tas b\u016bs piem\u0113rots liel\u0101kajai da\u013cai j\u016bsu ier\u012b\u010du. Atbalsta Qualcomm QuickCharge 3.0 un 18 W ener\u0123ijas pieg\u0101des tehnolo\u0123iju.<\/p>\n<p><\/p>","protected":false},"excerpt":{"rendered":"<p>Eleganta un kompakta jaudas banka pied\u0101v\u0101 20 000 mAh jaudu un 74 Wh kop\u0113jo jaudu. EMOS AlphaQ 20, 20000 mAh jaudas bankai 1613052501 ir 1x USB-C un 1x USB savienot\u0101js, t\u0101p\u0113c tas b\u016bs piem\u0113rots liel\u0101kajai da\u013cai j\u016bsu ier\u012b\u010du. Atbalsta Qualcomm QuickCharge 3.0 un 18 W ener\u0123ijas pieg\u0101des tehnolo\u0123iju.<\/p>\n","protected":false},"featured_media":27367,"comment_status":"closed","ping_status":"closed","template":"","meta":{"inline_featured_image":false},"product_cat":[460],"product_tag":[],"yst_prominent_words":[],"class_list":{"0":"post-27357","1":"product","2":"type-product","3":"status-publish","4":"has-post-thumbnail","6":"product_cat-uzlades-stacijas","8":"first","9":"outofstock","10":"taxable","11":"shipping-taxable","12":"purchasable","13":"product-type-simple"},"jetpack_sharing_enabled":true,"_links":{"self":[{"href":"https:\/\/ddt.lv\/en\/wp-json\/wp\/v2\/product\/27357"}],"collection":[{"href":"https:\/\/ddt.lv\/en\/wp-json\/wp\/v2\/product"}],"about":[{"href":"https:\/\/ddt.lv\/en\/wp-json\/wp\/v2\/types\/product"}],"replies":[{"embeddable":true,"href":"https:\/\/ddt.lv\/en\/wp-json\/wp\/v2\/comments?post=27357"}],"wp:featuredmedia":[{"embeddable":true,"href":"https:\/\/ddt.lv\/en\/wp-json\/wp\/v2\/media\/27367"}],"wp:attachment":[{"href":"https:\/\/ddt.lv\/en\/wp-json\/wp\/v2\/media?parent=27357"}],"wp:term":[{"taxonomy":"product_cat","embeddable":true,"href":"https:\/\/ddt.lv\/en\/wp-json\/wp\/v2\/product_cat?post=27357"},{"taxonomy":"product_tag","embeddable":true,"href":"https:\/\/ddt.lv\/en\/wp-json\/wp\/v2\/product_tag?post=27357"},{"taxonomy":"yst_prominent_words","embeddable":true,"href":"https:\/\/ddt.lv\/en\/wp-json\/wp\/v2\/yst_prominent_words?post=27357"}],"curies":[{"name":"wp","href":"https:\/\/api.w.org\/{rel}","templated":true}]}}