{"id":24644,"date":"2020-12-17T10:30:14","date_gmt":"2020-12-17T08:30:14","guid":{"rendered":"https:\/\/ddt.lv\/lv\/product\/dekors-koka-majina-ww-7-led-0-8w-ip20-2xaa-ar-taimeri-emos\/"},"modified":"2026-04-01T00:21:24","modified_gmt":"2026-03-31T21:21:24","slug":"dekors-koka-majina-ww-7-led-0-8w-ip20-2xaa-ar-taimeri-emos","status":"publish","type":"product","link":"https:\/\/ddt.lv\/en\/product\/8led-xmas-wood-house-2aa-t-ww\/","title":{"rendered":"8LED XMAS WOOD HOUSE 2AA T WW"},"content":{"rendered":"<p>Uz baterij\u0101m darbin\u0101ms Ziemassv\u0113tku dekors &#8211; koka m\u0101ji\u0146a no EMOS.<\/p>\n","protected":false},"excerpt":{"rendered":"<p>Uz baterij\u0101m darbin\u0101ms Ziemassv\u0113tku dekors &#8211; koka m\u0101ji\u0146a no EMOS.<\/p>\n","protected":false},"featured_media":24645,"comment_status":"closed","ping_status":"closed","template":"","meta":{"inline_featured_image":false},"product_cat":[913],"product_tag":[],"yst_prominent_words":[],"class_list":{"0":"post-24644","1":"product","2":"type-product","3":"status-publish","4":"has-post-thumbnail","6":"product_cat-iekstelpu-dekori-led-virtenes-un-dekoracijas","8":"first","9":"outofstock","10":"taxable","11":"shipping-taxable","12":"purchasable","13":"product-type-simple"},"jetpack_sharing_enabled":true,"_links":{"self":[{"href":"https:\/\/ddt.lv\/en\/wp-json\/wp\/v2\/product\/24644"}],"collection":[{"href":"https:\/\/ddt.lv\/en\/wp-json\/wp\/v2\/product"}],"about":[{"href":"https:\/\/ddt.lv\/en\/wp-json\/wp\/v2\/types\/product"}],"replies":[{"embeddable":true,"href":"https:\/\/ddt.lv\/en\/wp-json\/wp\/v2\/comments?post=24644"}],"wp:featuredmedia":[{"embeddable":true,"href":"https:\/\/ddt.lv\/en\/wp-json\/wp\/v2\/media\/24645"}],"wp:attachment":[{"href":"https:\/\/ddt.lv\/en\/wp-json\/wp\/v2\/media?parent=24644"}],"wp:term":[{"taxonomy":"product_cat","embeddable":true,"href":"https:\/\/ddt.lv\/en\/wp-json\/wp\/v2\/product_cat?post=24644"},{"taxonomy":"product_tag","embeddable":true,"href":"https:\/\/ddt.lv\/en\/wp-json\/wp\/v2\/product_tag?post=24644"},{"taxonomy":"yst_prominent_words","embeddable":true,"href":"https:\/\/ddt.lv\/en\/wp-json\/wp\/v2\/yst_prominent_words?post=24644"}],"curies":[{"name":"wp","href":"https:\/\/api.w.org\/{rel}","templated":true}]}}