{"id":24440,"date":"2020-11-30T11:06:29","date_gmt":"2020-11-30T09:06:29","guid":{"rendered":"https:\/\/ddt.lv\/lv\/product\/sals-piparu-dzirnavinas-russell-hobbs\/"},"modified":"2026-04-08T14:36:34","modified_gmt":"2026-04-08T11:36:34","slug":"sals-piparu-dzirnavinas-russell-hobbs","status":"publish","type":"product","link":"https:\/\/ddt.lv\/en\/product\/salt-pepper-grinder-russell-hobbs\/","title":{"rendered":"Salt &amp; Pepper Grinder Russell Hobbs"},"content":{"rendered":"<p>S\u0101ls un piparu dzirnavi\u0146as ir gaum\u012bgs j\u016bsu virtuves papildin\u0101jums, kas \u013cauj kontrol\u0113t, cik daudz s\u0101ls, piparu vai gar\u0161vielu pievienojat malt\u012btei. T\u0101m ir ieb\u016bv\u0113ta keramiska mal\u0161anas sist\u0113ma, kas paredz\u0113ta gan smalkai, gan rupjai mal\u0161anai. Papildus piparu graudiem un j\u016bras s\u0101ls krist\u0101liem, dzirnavi\u0146as var piepild\u012bt ar za\u013cumiem vai kalt\u0113t\u0101m gar\u0161viel\u0101m.<\/p>\n","protected":false},"excerpt":{"rendered":"<p>S\u0101ls un piparu dzirnavi\u0146as ir gaum\u012bgs j\u016bsu virtuves papildin\u0101jums, kas \u013cauj kontrol\u0113t, cik daudz s\u0101ls, piparu vai gar\u0161vielu pievienojat malt\u012btei. T\u0101m ir ieb\u016bv\u0113ta keramiska mal\u0161anas sist\u0113ma, kas paredz\u0113ta gan smalkai, gan rupjai mal\u0161anai. Papildus piparu graudiem un j\u016bras s\u0101ls krist\u0101liem, dzirnavi\u0146as var piepild\u012bt ar za\u013cumiem vai kalt\u0113t\u0101m gar\u0161viel\u0101m.<\/p>\n","protected":false},"featured_media":24441,"comment_status":"closed","ping_status":"closed","template":"","meta":{"inline_featured_image":false},"product_cat":[534],"product_tag":[],"yst_prominent_words":[],"class_list":{"0":"post-24440","1":"product","2":"type-product","3":"status-publish","4":"has-post-thumbnail","6":"product_cat-dazadi","8":"first","9":"outofstock","10":"taxable","11":"shipping-taxable","12":"purchasable","13":"product-type-simple"},"jetpack_sharing_enabled":true,"_links":{"self":[{"href":"https:\/\/ddt.lv\/en\/wp-json\/wp\/v2\/product\/24440"}],"collection":[{"href":"https:\/\/ddt.lv\/en\/wp-json\/wp\/v2\/product"}],"about":[{"href":"https:\/\/ddt.lv\/en\/wp-json\/wp\/v2\/types\/product"}],"replies":[{"embeddable":true,"href":"https:\/\/ddt.lv\/en\/wp-json\/wp\/v2\/comments?post=24440"}],"wp:featuredmedia":[{"embeddable":true,"href":"https:\/\/ddt.lv\/en\/wp-json\/wp\/v2\/media\/24441"}],"wp:attachment":[{"href":"https:\/\/ddt.lv\/en\/wp-json\/wp\/v2\/media?parent=24440"}],"wp:term":[{"taxonomy":"product_cat","embeddable":true,"href":"https:\/\/ddt.lv\/en\/wp-json\/wp\/v2\/product_cat?post=24440"},{"taxonomy":"product_tag","embeddable":true,"href":"https:\/\/ddt.lv\/en\/wp-json\/wp\/v2\/product_tag?post=24440"},{"taxonomy":"yst_prominent_words","embeddable":true,"href":"https:\/\/ddt.lv\/en\/wp-json\/wp\/v2\/yst_prominent_words?post=24440"}],"curies":[{"name":"wp","href":"https:\/\/api.w.org\/{rel}","templated":true}]}}