{"id":24421,"date":"2020-11-27T11:33:13","date_gmt":"2020-11-27T09:33:13","guid":{"rendered":"https:\/\/ddt.lv\/lv\/product\/tosteris-shine-white-2-grauzdiniem-800w-unold\/"},"modified":"2026-04-01T00:12:41","modified_gmt":"2026-03-31T21:12:41","slug":"tosteris-shine-white-2-grauzdiniem-800w-unold","status":"publish","type":"product","link":"https:\/\/ddt.lv\/en\/product\/toaster-shine-white-2er-800w-unold\/","title":{"rendered":"Toaster SHINE WHITE 2er 800W UNOLD"},"content":{"rendered":"<p>&#8220;Shine white&#8221; tosteris ir apr\u012bkots se\u0161iem temperat\u016bras re\u017e\u012bmiem, pied\u0101v\u0101jot grauzd\u0113jumu jebkurai gaumei. Ar no\u0146emamu maiz\u012b\u0161u sild\u012btaju ir iesp\u0113jams uzsild\u012bt un atsald\u0113t citus maizes izstr\u0101d\u0101jumus. \u0112rta t\u012br\u012b\u0161ana: tosteris ir apr\u012bkots ar iz\u0146emamu drupatu atvilkni.<\/p>\n","protected":false},"excerpt":{"rendered":"<p>&#8220;Shine white&#8221; tosteris ir apr\u012bkots se\u0161iem temperat\u016bras re\u017e\u012bmiem, pied\u0101v\u0101jot grauzd\u0113jumu jebkurai gaumei. Ar no\u0146emamu maiz\u012b\u0161u sild\u012btaju ir iesp\u0113jams uzsild\u012bt un atsald\u0113t citus maizes izstr\u0101d\u0101jumus. \u0112rta t\u012br\u012b\u0161ana: tosteris ir apr\u012bkots ar iz\u0146emamu drupatu atvilkni.<\/p>\n","protected":false},"featured_media":24422,"comment_status":"closed","ping_status":"closed","template":"","meta":{"inline_featured_image":false},"product_cat":[531],"product_tag":[],"yst_prominent_words":[],"class_list":{"0":"post-24421","1":"product","2":"type-product","3":"status-publish","4":"has-post-thumbnail","6":"product_cat-tosteri","8":"first","9":"outofstock","10":"taxable","11":"shipping-taxable","12":"purchasable","13":"product-type-simple"},"jetpack_sharing_enabled":true,"_links":{"self":[{"href":"https:\/\/ddt.lv\/en\/wp-json\/wp\/v2\/product\/24421"}],"collection":[{"href":"https:\/\/ddt.lv\/en\/wp-json\/wp\/v2\/product"}],"about":[{"href":"https:\/\/ddt.lv\/en\/wp-json\/wp\/v2\/types\/product"}],"replies":[{"embeddable":true,"href":"https:\/\/ddt.lv\/en\/wp-json\/wp\/v2\/comments?post=24421"}],"wp:featuredmedia":[{"embeddable":true,"href":"https:\/\/ddt.lv\/en\/wp-json\/wp\/v2\/media\/24422"}],"wp:attachment":[{"href":"https:\/\/ddt.lv\/en\/wp-json\/wp\/v2\/media?parent=24421"}],"wp:term":[{"taxonomy":"product_cat","embeddable":true,"href":"https:\/\/ddt.lv\/en\/wp-json\/wp\/v2\/product_cat?post=24421"},{"taxonomy":"product_tag","embeddable":true,"href":"https:\/\/ddt.lv\/en\/wp-json\/wp\/v2\/product_tag?post=24421"},{"taxonomy":"yst_prominent_words","embeddable":true,"href":"https:\/\/ddt.lv\/en\/wp-json\/wp\/v2\/yst_prominent_words?post=24421"}],"curies":[{"name":"wp","href":"https:\/\/api.w.org\/{rel}","templated":true}]}}