{"id":24339,"date":"2020-11-25T11:21:33","date_gmt":"2020-11-25T09:21:33","guid":{"rendered":"https:\/\/ddt.lv\/lv\/product\/led-lukturis-ultibright-70-340lm-ip65-3xaaa-emos\/"},"modified":"2026-04-13T09:57:31","modified_gmt":"2026-04-13T06:57:31","slug":"led-lukturis-ultibright-70-340lm-ip65-3xaaa-emos","status":"publish","type":"product","link":"https:\/\/ddt.lv\/en\/product\/led-flashlight-ultibright-70-340lm-ip65-3xaaa-emos\/","title":{"rendered":"LED Flashlight ULTIBRIGHT 70 340lm IP65 (3\u00d7AAA), EMOS"},"content":{"rendered":"<p>Triecieniztur\u012bgs un mitrumiztur\u012bgs Cree LED lukturis P3170 Ultibright 70 no EMOS.<\/p>\n","protected":false},"excerpt":{"rendered":"<p>Triecieniztur\u012bgs un mitrumiztur\u012bgs Cree LED lukturis P3170 Ultibright 70 no EMOS.<\/p>\n","protected":false},"featured_media":24340,"comment_status":"closed","ping_status":"closed","template":"","meta":{"inline_featured_image":false},"product_cat":[727,726],"product_tag":[],"yst_prominent_words":[],"class_list":{"0":"post-24339","1":"product","2":"type-product","3":"status-publish","4":"has-post-thumbnail","6":"product_cat-galvas","7":"product_cat-kabatas","9":"first","10":"instock","11":"taxable","12":"shipping-taxable","13":"purchasable","14":"product-type-simple"},"jetpack_sharing_enabled":true,"_links":{"self":[{"href":"https:\/\/ddt.lv\/en\/wp-json\/wp\/v2\/product\/24339"}],"collection":[{"href":"https:\/\/ddt.lv\/en\/wp-json\/wp\/v2\/product"}],"about":[{"href":"https:\/\/ddt.lv\/en\/wp-json\/wp\/v2\/types\/product"}],"replies":[{"embeddable":true,"href":"https:\/\/ddt.lv\/en\/wp-json\/wp\/v2\/comments?post=24339"}],"wp:featuredmedia":[{"embeddable":true,"href":"https:\/\/ddt.lv\/en\/wp-json\/wp\/v2\/media\/24340"}],"wp:attachment":[{"href":"https:\/\/ddt.lv\/en\/wp-json\/wp\/v2\/media?parent=24339"}],"wp:term":[{"taxonomy":"product_cat","embeddable":true,"href":"https:\/\/ddt.lv\/en\/wp-json\/wp\/v2\/product_cat?post=24339"},{"taxonomy":"product_tag","embeddable":true,"href":"https:\/\/ddt.lv\/en\/wp-json\/wp\/v2\/product_tag?post=24339"},{"taxonomy":"yst_prominent_words","embeddable":true,"href":"https:\/\/ddt.lv\/en\/wp-json\/wp\/v2\/yst_prominent_words?post=24339"}],"curies":[{"name":"wp","href":"https:\/\/api.w.org\/{rel}","templated":true}]}}