{"id":24316,"date":"2020-11-24T16:30:12","date_gmt":"2020-11-24T14:30:12","guid":{"rendered":"https:\/\/ddt.lv\/lv\/product\/24316\/"},"modified":"2026-04-13T09:57:31","modified_gmt":"2026-04-13T06:57:31","slug":"p3180","status":"publish","type":"product","link":"https:\/\/ddt.lv\/en\/product\/led-flashlight-ultibright-80-600lm-rechargable-2600mah-emos\/","title":{"rendered":"LED Flashlight ULTIBRIGHT 80 600lm rechargable 2600mAh, EMOS"},"content":{"rendered":"<p>Mitrumiztur\u012bgs, triecieniztur\u012bgs alum\u012bnija LED lukturis P3180 Ultibright 80 no EMOS. Pie pilnas uzl\u0101des luktura darb\u012bbas laiks ir l\u012bdz 12 stund\u0101m. Komplekt\u0101 iek\u013cauts akumulators, USB C uzl\u0101des adapteris un maci\u0146\u0161 uzglab\u0101\u0161anai.<\/p>\n","protected":false},"excerpt":{"rendered":"<p>Mitrumiztur\u012bgs, triecieniztur\u012bgs alum\u012bnija LED lukturis P3180 Ultibright 80 no EMOS. Pie pilnas uzl\u0101des luktura darb\u012bbas laiks ir l\u012bdz 12 stund\u0101m. Komplekt\u0101 iek\u013cauts akumulators, USB C uzl\u0101des adapteris un maci\u0146\u0161 uzglab\u0101\u0161anai.<\/p>\n","protected":false},"featured_media":24331,"comment_status":"closed","ping_status":"closed","template":"","meta":{"inline_featured_image":false},"product_cat":[726],"product_tag":[],"yst_prominent_words":[],"class_list":{"0":"post-24316","1":"product","2":"type-product","3":"status-publish","4":"has-post-thumbnail","6":"product_cat-kabatas","8":"first","9":"instock","10":"taxable","11":"shipping-taxable","12":"purchasable","13":"product-type-simple"},"jetpack_sharing_enabled":true,"_links":{"self":[{"href":"https:\/\/ddt.lv\/en\/wp-json\/wp\/v2\/product\/24316"}],"collection":[{"href":"https:\/\/ddt.lv\/en\/wp-json\/wp\/v2\/product"}],"about":[{"href":"https:\/\/ddt.lv\/en\/wp-json\/wp\/v2\/types\/product"}],"replies":[{"embeddable":true,"href":"https:\/\/ddt.lv\/en\/wp-json\/wp\/v2\/comments?post=24316"}],"wp:featuredmedia":[{"embeddable":true,"href":"https:\/\/ddt.lv\/en\/wp-json\/wp\/v2\/media\/24331"}],"wp:attachment":[{"href":"https:\/\/ddt.lv\/en\/wp-json\/wp\/v2\/media?parent=24316"}],"wp:term":[{"taxonomy":"product_cat","embeddable":true,"href":"https:\/\/ddt.lv\/en\/wp-json\/wp\/v2\/product_cat?post=24316"},{"taxonomy":"product_tag","embeddable":true,"href":"https:\/\/ddt.lv\/en\/wp-json\/wp\/v2\/product_tag?post=24316"},{"taxonomy":"yst_prominent_words","embeddable":true,"href":"https:\/\/ddt.lv\/en\/wp-json\/wp\/v2\/yst_prominent_words?post=24316"}],"curies":[{"name":"wp","href":"https:\/\/api.w.org\/{rel}","templated":true}]}}