{"id":24312,"date":"2020-11-24T14:55:55","date_gmt":"2020-11-24T12:55:55","guid":{"rendered":"https:\/\/ddt.lv\/lv\/product\/led-virtene-emos-180led-6w-balta-5300k-ip44-18m-ar-taimeri\/"},"modified":"2026-04-13T10:01:20","modified_gmt":"2026-04-13T07:01:20","slug":"led-virtene-emos-100led-3-6w-ip44-10m-ar-taimeri","status":"publish","type":"product","link":"https:\/\/ddt.lv\/en\/product\/led-christmas-lights-10m-vintage-timer\/","title":{"rendered":"LED Christmas Lights, 10m, Vintage, timer"},"content":{"rendered":"<p>LED Ziemassv\u0113tku virtene dzintara kr\u0101s\u0101 ar za\u013cu vadu.<br \/>\nParedz\u0113ta lieto\u0161anai gan iek\u0161telp\u0101s, gan \u0101r\u0101.<\/p>\n","protected":false},"excerpt":{"rendered":"<p>LED Ziemassv\u0113tku virtene dzintara kr\u0101s\u0101 ar za\u013cu vadu. Paredz\u0113ta lieto\u0161anai gan iek\u0161telp\u0101s, gan \u0101r\u0101.<\/p>\n","protected":false},"featured_media":24313,"comment_status":"closed","ping_status":"closed","template":"","meta":{"inline_featured_image":false},"product_cat":[912],"product_tag":[],"yst_prominent_words":[],"class_list":{"0":"post-24312","1":"product","2":"type-product","3":"status-publish","4":"has-post-thumbnail","6":"product_cat-ara-virtenes","8":"first","9":"outofstock","10":"taxable","11":"shipping-taxable","12":"purchasable","13":"product-type-simple"},"jetpack_sharing_enabled":true,"_links":{"self":[{"href":"https:\/\/ddt.lv\/en\/wp-json\/wp\/v2\/product\/24312"}],"collection":[{"href":"https:\/\/ddt.lv\/en\/wp-json\/wp\/v2\/product"}],"about":[{"href":"https:\/\/ddt.lv\/en\/wp-json\/wp\/v2\/types\/product"}],"replies":[{"embeddable":true,"href":"https:\/\/ddt.lv\/en\/wp-json\/wp\/v2\/comments?post=24312"}],"wp:featuredmedia":[{"embeddable":true,"href":"https:\/\/ddt.lv\/en\/wp-json\/wp\/v2\/media\/24313"}],"wp:attachment":[{"href":"https:\/\/ddt.lv\/en\/wp-json\/wp\/v2\/media?parent=24312"}],"wp:term":[{"taxonomy":"product_cat","embeddable":true,"href":"https:\/\/ddt.lv\/en\/wp-json\/wp\/v2\/product_cat?post=24312"},{"taxonomy":"product_tag","embeddable":true,"href":"https:\/\/ddt.lv\/en\/wp-json\/wp\/v2\/product_tag?post=24312"},{"taxonomy":"yst_prominent_words","embeddable":true,"href":"https:\/\/ddt.lv\/en\/wp-json\/wp\/v2\/yst_prominent_words?post=24312"}],"curies":[{"name":"wp","href":"https:\/\/api.w.org\/{rel}","templated":true}]}}