{"id":23358,"date":"2020-07-13T14:06:43","date_gmt":"2020-07-13T11:06:43","guid":{"rendered":"https:\/\/ddt.lv\/lv\/product\/ventilators-galda-36w-80-o34-cm-3-atrumi-220-240v-entac\/"},"modified":"2026-04-13T09:57:22","modified_gmt":"2026-04-13T06:57:22","slug":"ventilators-galda-36w-80-o34-cm-3-atrumi-220-240v-entac","status":"publish","type":"product","link":"https:\/\/ddt.lv\/en\/product\/portable-table-fan-3-speed-level-49db-o29-cm-blade-entac\/","title":{"rendered":"Portable Table Fan 3 speed level 49dB \u00d829 cm blade  ENTAC"},"content":{"rendered":"<p>Galda ventilators no ra\u017eot\u0101ja Entac. 35W Jauda, apr\u012bkots ar 3 \u0101trumiem.<\/p>\n","protected":false},"excerpt":{"rendered":"<p>Galda ventilators no ra\u017eot\u0101ja Entac. 35W Jauda, apr\u012bkots ar 3 \u0101trumiem.<\/p>\n","protected":false},"featured_media":23362,"comment_status":"closed","ping_status":"closed","template":"","meta":{"inline_featured_image":false},"product_cat":[540],"product_tag":[],"yst_prominent_words":[],"class_list":{"0":"post-23358","1":"product","2":"type-product","3":"status-publish","4":"has-post-thumbnail","6":"product_cat-ventilatori-silditaji","8":"first","9":"outofstock","10":"taxable","11":"shipping-taxable","12":"purchasable","13":"product-type-simple"},"jetpack_sharing_enabled":true,"_links":{"self":[{"href":"https:\/\/ddt.lv\/en\/wp-json\/wp\/v2\/product\/23358"}],"collection":[{"href":"https:\/\/ddt.lv\/en\/wp-json\/wp\/v2\/product"}],"about":[{"href":"https:\/\/ddt.lv\/en\/wp-json\/wp\/v2\/types\/product"}],"replies":[{"embeddable":true,"href":"https:\/\/ddt.lv\/en\/wp-json\/wp\/v2\/comments?post=23358"}],"wp:featuredmedia":[{"embeddable":true,"href":"https:\/\/ddt.lv\/en\/wp-json\/wp\/v2\/media\/23362"}],"wp:attachment":[{"href":"https:\/\/ddt.lv\/en\/wp-json\/wp\/v2\/media?parent=23358"}],"wp:term":[{"taxonomy":"product_cat","embeddable":true,"href":"https:\/\/ddt.lv\/en\/wp-json\/wp\/v2\/product_cat?post=23358"},{"taxonomy":"product_tag","embeddable":true,"href":"https:\/\/ddt.lv\/en\/wp-json\/wp\/v2\/product_tag?post=23358"},{"taxonomy":"yst_prominent_words","embeddable":true,"href":"https:\/\/ddt.lv\/en\/wp-json\/wp\/v2\/yst_prominent_words?post=23358"}],"curies":[{"name":"wp","href":"https:\/\/api.w.org\/{rel}","templated":true}]}}