{"id":23293,"date":"2020-06-29T10:35:41","date_gmt":"2020-06-29T07:35:41","guid":{"rendered":"https:\/\/ddt.lv\/lv\/product\/maizes-krasns-edel-1000g-550w-unold\/"},"modified":"2026-04-08T14:37:13","modified_gmt":"2026-04-08T11:37:13","slug":"maizes-krasns-edel-1000g-550w-unold","status":"publish","type":"product","link":"https:\/\/ddt.lv\/en\/product\/bread-maker-edel-1000g-unold\/","title":{"rendered":"Bread maker Edel 1000g UNOLD"},"content":{"rendered":"<p>Lieliska maizes kr\u0101sns, kura sp\u0113j pagatavot gan gais\u012bgu baltmaizes klaipu, gan k\u0101rt\u012bgu pilngraudu maizes klaipu. L\u012bdz pat 1000g maizes klaipa pagatavo\u0161ana. Visas programmas ir piem\u0113rotas ar\u012b maiz\u012btes pagatavo\u0161anai bez glut\u0113na. Cepe\u0161panna un m\u012bc\u012bt\u0101js ir apr\u012bkots ar augstas klases Whitford Fusion keramikas p\u0101rkl\u0101jumu. \u0112rta t\u012br\u012b\u0161ana un augstas klases rezult\u0101ti!<\/p>","protected":false},"excerpt":{"rendered":"<p>Lieliska maizes kr\u0101sns, kura sp\u0113j pagatavot gan gais\u012bgu baltmaizes klaipu, gan k\u0101rt\u012bgu pilngraudu maizes klaipu. L\u012bdz pat 1000g maizes klaipa pagatavo\u0161ana. Visas programmas ir piem\u0113rotas ar\u012b maiz\u012btes pagatavo\u0161anai bez glut\u0113na. Cepe\u0161panna un m\u012bc\u012bt\u0101js ir apr\u012bkots ar augstas klases Whitford Fusion keramikas p\u0101rkl\u0101jumu. \u0112rta t\u012br\u012b\u0161ana un augstas klases rezult\u0101ti!<\/p>\n","protected":false},"featured_media":23330,"comment_status":"closed","ping_status":"closed","template":"","meta":{"inline_featured_image":false},"product_cat":[536],"product_tag":[],"yst_prominent_words":[],"class_list":{"0":"post-23293","1":"product","2":"type-product","3":"status-publish","4":"has-post-thumbnail","6":"product_cat-elektriskas-krasnis","8":"first","9":"instock","10":"taxable","11":"shipping-taxable","12":"purchasable","13":"product-type-simple"},"jetpack_sharing_enabled":true,"_links":{"self":[{"href":"https:\/\/ddt.lv\/en\/wp-json\/wp\/v2\/product\/23293"}],"collection":[{"href":"https:\/\/ddt.lv\/en\/wp-json\/wp\/v2\/product"}],"about":[{"href":"https:\/\/ddt.lv\/en\/wp-json\/wp\/v2\/types\/product"}],"replies":[{"embeddable":true,"href":"https:\/\/ddt.lv\/en\/wp-json\/wp\/v2\/comments?post=23293"}],"wp:featuredmedia":[{"embeddable":true,"href":"https:\/\/ddt.lv\/en\/wp-json\/wp\/v2\/media\/23330"}],"wp:attachment":[{"href":"https:\/\/ddt.lv\/en\/wp-json\/wp\/v2\/media?parent=23293"}],"wp:term":[{"taxonomy":"product_cat","embeddable":true,"href":"https:\/\/ddt.lv\/en\/wp-json\/wp\/v2\/product_cat?post=23293"},{"taxonomy":"product_tag","embeddable":true,"href":"https:\/\/ddt.lv\/en\/wp-json\/wp\/v2\/product_tag?post=23293"},{"taxonomy":"yst_prominent_words","embeddable":true,"href":"https:\/\/ddt.lv\/en\/wp-json\/wp\/v2\/yst_prominent_words?post=23293"}],"curies":[{"name":"wp","href":"https:\/\/api.w.org\/{rel}","templated":true}]}}