{"id":23292,"date":"2020-06-29T10:35:41","date_gmt":"2020-06-29T07:35:41","guid":{"rendered":"https:\/\/ddt.lv\/lv\/product\/saldejuma-aparats-masina-exklusiv-2l-unold\/"},"modified":"2026-04-08T14:37:12","modified_gmt":"2026-04-08T11:37:12","slug":"saldejuma-aparats-masina-exklusiv-2l-unold","status":"publish","type":"product","link":"https:\/\/ddt.lv\/en\/product\/ice-cream-maker-exklusiv-2l-unold\/","title":{"rendered":"ICE CREAM MAKER EXKLUSIV 2L UNOLD"},"content":{"rendered":"<p>Ja visas sast\u0101vda\u013cas ir iepriek\u0161 atdzes\u0113tas, sald\u0113juma apar\u0101ts Exklusiv sp\u0113j pagatavot l\u012bdz pat 2l sald\u0113juma 30 min\u016bt\u0113s! Klasiskais sald\u0113jums, veg\u0101nu vai bez laktozes &#8211; atliek tikai izv\u0113l\u0113ties! Apr\u012bkots ar piln\u012bb\u0101 autom\u0101tisku, pa\u0161atdzes\u0113jo\u0161u kompresoru. Iztur\u012bgs motors ar darba temperat\u016bru l\u012bdz pat -35 gr\u0101diem, nodro\u0161inot sald\u0113juma gatavo\u0161anu pat lielos daudzumos.<\/p>\n","protected":false},"excerpt":{"rendered":"<p>Ja visas sast\u0101vda\u013cas ir iepriek\u0161 atdzes\u0113tas, sald\u0113juma apar\u0101ts Exklusiv sp\u0113j pagatavot l\u012bdz pat 2l sald\u0113juma 30 min\u016bt\u0113s! Klasiskais sald\u0113jums, veg\u0101nu vai bez laktozes &#8211; atliek tikai izv\u0113l\u0113ties! Apr\u012bkots ar piln\u012bb\u0101 autom\u0101tisku, pa\u0161atdzes\u0113jo\u0161u kompresoru. Iztur\u012bgs motors ar darba temperat\u016bru l\u012bdz pat -35 gr\u0101diem, nodro\u0161inot sald\u0113juma gatavo\u0161anu pat lielos daudzumos.<\/p>\n","protected":false},"featured_media":23322,"comment_status":"closed","ping_status":"closed","template":"","meta":{"inline_featured_image":false},"product_cat":[527],"product_tag":[],"yst_prominent_words":[],"class_list":{"0":"post-23292","1":"product","2":"type-product","3":"status-publish","4":"has-post-thumbnail","6":"product_cat-saldejuma-un-popkorna-aparati","8":"first","9":"outofstock","10":"taxable","11":"shipping-taxable","12":"purchasable","13":"product-type-simple"},"jetpack_sharing_enabled":true,"_links":{"self":[{"href":"https:\/\/ddt.lv\/en\/wp-json\/wp\/v2\/product\/23292"}],"collection":[{"href":"https:\/\/ddt.lv\/en\/wp-json\/wp\/v2\/product"}],"about":[{"href":"https:\/\/ddt.lv\/en\/wp-json\/wp\/v2\/types\/product"}],"replies":[{"embeddable":true,"href":"https:\/\/ddt.lv\/en\/wp-json\/wp\/v2\/comments?post=23292"}],"wp:featuredmedia":[{"embeddable":true,"href":"https:\/\/ddt.lv\/en\/wp-json\/wp\/v2\/media\/23322"}],"wp:attachment":[{"href":"https:\/\/ddt.lv\/en\/wp-json\/wp\/v2\/media?parent=23292"}],"wp:term":[{"taxonomy":"product_cat","embeddable":true,"href":"https:\/\/ddt.lv\/en\/wp-json\/wp\/v2\/product_cat?post=23292"},{"taxonomy":"product_tag","embeddable":true,"href":"https:\/\/ddt.lv\/en\/wp-json\/wp\/v2\/product_tag?post=23292"},{"taxonomy":"yst_prominent_words","embeddable":true,"href":"https:\/\/ddt.lv\/en\/wp-json\/wp\/v2\/yst_prominent_words?post=23292"}],"curies":[{"name":"wp","href":"https:\/\/api.w.org\/{rel}","templated":true}]}}