{"id":23291,"date":"2020-06-29T10:35:40","date_gmt":"2020-06-29T07:35:40","guid":{"rendered":"https:\/\/ddt.lv\/lv\/product\/saldejuma-aparats-masina-gelato-1-5l-unold-2\/"},"modified":"2026-04-08T14:37:12","modified_gmt":"2026-04-08T11:37:12","slug":"saldejuma-aparats-masina-gelato-1-5l-unold-2","status":"publish","type":"product","link":"https:\/\/ddt.lv\/en\/product\/ice-cream-maker-gelato-1-5l-unold\/","title":{"rendered":"ICE CREAM MAKER GELATO 1.5l UNOLD"},"content":{"rendered":"<p>Gar\u0161\u012bgs sald\u0113jums vienm\u0113r ir laik\u0101, vai ne? Un vislab\u0101kais sald\u0113jums ir pa\u0161u pagatavots! Ar\u00a0 Gelato sald\u0113juma ma\u0161\u012bnu atdzes\u0113t\u0101s sast\u0101vda\u013cas k\u013c\u016bst par 1,5 litriem sald\u0113juma tikai 20 l\u012bdz 30 min\u016b\u0161u laik\u0101! No\u0146emamais, anod\u0113t\u0101 sald\u0113juma trauks (viegli t\u012br\u0101ms) iepriek\u0161 j\u0101notur sald\u0113tav\u0101 8 l\u012bdz 12 stundas (-18 \u00b0 C). P\u0101r\u0113jo dara kompakt\u0101 ier\u012bce, nospie\u017eot tikai vienu pogu!<\/p>\n","protected":false},"excerpt":{"rendered":"<p>Gar\u0161\u012bgs sald\u0113jums vienm\u0113r ir laik\u0101, vai ne? Un vislab\u0101kais sald\u0113jums ir pa\u0161u pagatavots! Ar\u00a0 Gelato sald\u0113juma ma\u0161\u012bnu atdzes\u0113t\u0101s sast\u0101vda\u013cas k\u013c\u016bst par 1,5 litriem sald\u0113juma tikai 20 l\u012bdz 30 min\u016b\u0161u laik\u0101! No\u0146emamais, anod\u0113t\u0101 sald\u0113juma trauks (viegli t\u012br\u0101ms) iepriek\u0161 j\u0101notur sald\u0113tav\u0101 8 l\u012bdz 12 stundas (-18 \u00b0 C). P\u0101r\u0113jo dara kompakt\u0101 ier\u012bce, nospie\u017eot tikai vienu pogu!<\/p>\n","protected":false},"featured_media":23310,"comment_status":"closed","ping_status":"closed","template":"","meta":{"inline_featured_image":false},"product_cat":[527],"product_tag":[],"yst_prominent_words":[],"class_list":{"0":"post-23291","1":"product","2":"type-product","3":"status-publish","4":"has-post-thumbnail","6":"product_cat-saldejuma-un-popkorna-aparati","8":"first","9":"outofstock","10":"taxable","11":"shipping-taxable","12":"purchasable","13":"product-type-simple"},"jetpack_sharing_enabled":true,"_links":{"self":[{"href":"https:\/\/ddt.lv\/en\/wp-json\/wp\/v2\/product\/23291"}],"collection":[{"href":"https:\/\/ddt.lv\/en\/wp-json\/wp\/v2\/product"}],"about":[{"href":"https:\/\/ddt.lv\/en\/wp-json\/wp\/v2\/types\/product"}],"replies":[{"embeddable":true,"href":"https:\/\/ddt.lv\/en\/wp-json\/wp\/v2\/comments?post=23291"}],"wp:featuredmedia":[{"embeddable":true,"href":"https:\/\/ddt.lv\/en\/wp-json\/wp\/v2\/media\/23310"}],"wp:attachment":[{"href":"https:\/\/ddt.lv\/en\/wp-json\/wp\/v2\/media?parent=23291"}],"wp:term":[{"taxonomy":"product_cat","embeddable":true,"href":"https:\/\/ddt.lv\/en\/wp-json\/wp\/v2\/product_cat?post=23291"},{"taxonomy":"product_tag","embeddable":true,"href":"https:\/\/ddt.lv\/en\/wp-json\/wp\/v2\/product_tag?post=23291"},{"taxonomy":"yst_prominent_words","embeddable":true,"href":"https:\/\/ddt.lv\/en\/wp-json\/wp\/v2\/yst_prominent_words?post=23291"}],"curies":[{"name":"wp","href":"https:\/\/api.w.org\/{rel}","templated":true}]}}