{"id":22747,"date":"2020-05-22T13:37:44","date_gmt":"2020-05-22T10:37:44","guid":{"rendered":"https:\/\/ddt.lv\/lv\/product\/video-domofons-balts-ip44-8-melod-emos\/"},"modified":"2026-04-13T09:57:13","modified_gmt":"2026-04-13T06:57:13","slug":"video-domofons-balts-ip44-8-melod-emos","status":"publish","type":"product","link":"https:\/\/ddt.lv\/en\/product\/video-domofons-balts-ip44-8-melod-emos\/","title":{"rendered":"Video Door Phone + Camera Unit H2017 EMOS"},"content":{"rendered":"<p>Vienk\u0101r\u0161a durvju video domofona sist\u0113ma. Att\u0113ls tiek par\u0101d\u012bts uz liela 7 collu kr\u0101saina LCD ekr\u0101na. Ier\u012bces baro\u0161anu nodro\u0161ina ar pievienoto 12 V adapteri. Ier\u012bce \u013cauj kontrol\u0113t durvju sl\u0113dzeni un b\u012bd\u0101mos v\u0101rtus.<\/p>\n","protected":false},"excerpt":{"rendered":"<p>Vienk\u0101r\u0161a durvju video domofona sist\u0113ma. Att\u0113ls tiek par\u0101d\u012bts uz liela 7 collu kr\u0101saina LCD ekr\u0101na. Ier\u012bces baro\u0161anu nodro\u0161ina ar pievienoto 12 V adapteri. Ier\u012bce \u013cauj kontrol\u0113t durvju sl\u0113dzeni un b\u012bd\u0101mos v\u0101rtus.<\/p>\n","protected":false},"featured_media":22765,"comment_status":"closed","ping_status":"closed","template":"","meta":{"inline_featured_image":false},"product_cat":[543],"product_tag":[],"yst_prominent_words":[],"class_list":{"0":"post-22747","1":"product","2":"type-product","3":"status-publish","4":"has-post-thumbnail","6":"product_cat-durvju-zvani","8":"first","9":"outofstock","10":"taxable","11":"shipping-taxable","12":"purchasable","13":"product-type-simple"},"jetpack_sharing_enabled":true,"_links":{"self":[{"href":"https:\/\/ddt.lv\/en\/wp-json\/wp\/v2\/product\/22747"}],"collection":[{"href":"https:\/\/ddt.lv\/en\/wp-json\/wp\/v2\/product"}],"about":[{"href":"https:\/\/ddt.lv\/en\/wp-json\/wp\/v2\/types\/product"}],"replies":[{"embeddable":true,"href":"https:\/\/ddt.lv\/en\/wp-json\/wp\/v2\/comments?post=22747"}],"wp:featuredmedia":[{"embeddable":true,"href":"https:\/\/ddt.lv\/en\/wp-json\/wp\/v2\/media\/22765"}],"wp:attachment":[{"href":"https:\/\/ddt.lv\/en\/wp-json\/wp\/v2\/media?parent=22747"}],"wp:term":[{"taxonomy":"product_cat","embeddable":true,"href":"https:\/\/ddt.lv\/en\/wp-json\/wp\/v2\/product_cat?post=22747"},{"taxonomy":"product_tag","embeddable":true,"href":"https:\/\/ddt.lv\/en\/wp-json\/wp\/v2\/product_tag?post=22747"},{"taxonomy":"yst_prominent_words","embeddable":true,"href":"https:\/\/ddt.lv\/en\/wp-json\/wp\/v2\/yst_prominent_words?post=22747"}],"curies":[{"name":"wp","href":"https:\/\/api.w.org\/{rel}","templated":true}]}}