{"id":22557,"date":"2020-04-17T14:32:16","date_gmt":"2020-04-17T11:32:16","guid":{"rendered":"https:\/\/ddt.lv\/lv\/product\/led-gls-filament-e27-6w-240v-810lm-2700k-300-inesa-spuldze-2\/"},"modified":"2026-04-06T10:51:02","modified_gmt":"2026-04-06T07:51:02","slug":"led-gls-filament-e27-6w-240v-810lm-2700k-300-inesa-spuldze-2","status":"publish","type":"product","link":"https:\/\/ddt.lv\/en\/product\/led-gls-filament-e27-6w-240v-810lm-2700k-300-inesa-spuldze-2\/","title":{"rendered":"LED bulb Inesa GLS filament E27 6W 240V 810lm 2700K 300&#8242;"},"content":{"rendered":"<p>Inesa LED ir apgaismojuma ra\u017eot\u0101ja Sylvania meitas komp\u0101nija. Ung\u0101rij\u0101 ra\u017eot\u0101s LED spuldzes un gaismek\u013ci kalpo ilgi un nezaud\u0113 savu toni un gaismas atdevi. Sylvania kvalit\u0101te par nedaudz draudz\u012bg\u0101ku cenu!<\/p>\n","protected":false},"excerpt":{"rendered":"<p>Inesa LED ir apgaismojuma ra\u017eot\u0101ja Sylvania meitas komp\u0101nija. Ung\u0101rij\u0101 ra\u017eot\u0101s LED spuldzes un gaismek\u013ci kalpo ilgi un nezaud\u0113 savu toni un gaismas atdevi. Sylvania kvalit\u0101te par nedaudz draudz\u012bg\u0101ku cenu!<\/p>\n","protected":false},"featured_media":22625,"comment_status":"closed","ping_status":"closed","template":"","meta":{"inline_featured_image":false},"product_cat":[772,925],"product_tag":[],"yst_prominent_words":[],"class_list":{"0":"post-22557","1":"product","2":"type-product","3":"status-publish","4":"has-post-thumbnail","6":"product_cat-atlaides","7":"product_cat-filament-tipa-spuldzes","9":"first","10":"instock","11":"sale","12":"taxable","13":"shipping-taxable","14":"purchasable","15":"product-type-simple"},"jetpack_sharing_enabled":true,"_links":{"self":[{"href":"https:\/\/ddt.lv\/en\/wp-json\/wp\/v2\/product\/22557"}],"collection":[{"href":"https:\/\/ddt.lv\/en\/wp-json\/wp\/v2\/product"}],"about":[{"href":"https:\/\/ddt.lv\/en\/wp-json\/wp\/v2\/types\/product"}],"replies":[{"embeddable":true,"href":"https:\/\/ddt.lv\/en\/wp-json\/wp\/v2\/comments?post=22557"}],"wp:featuredmedia":[{"embeddable":true,"href":"https:\/\/ddt.lv\/en\/wp-json\/wp\/v2\/media\/22625"}],"wp:attachment":[{"href":"https:\/\/ddt.lv\/en\/wp-json\/wp\/v2\/media?parent=22557"}],"wp:term":[{"taxonomy":"product_cat","embeddable":true,"href":"https:\/\/ddt.lv\/en\/wp-json\/wp\/v2\/product_cat?post=22557"},{"taxonomy":"product_tag","embeddable":true,"href":"https:\/\/ddt.lv\/en\/wp-json\/wp\/v2\/product_tag?post=22557"},{"taxonomy":"yst_prominent_words","embeddable":true,"href":"https:\/\/ddt.lv\/en\/wp-json\/wp\/v2\/yst_prominent_words?post=22557"}],"curies":[{"name":"wp","href":"https:\/\/api.w.org\/{rel}","templated":true}]}}