{"id":22556,"date":"2020-04-17T14:32:16","date_gmt":"2020-04-17T11:32:16","guid":{"rendered":"https:\/\/ddt.lv\/lv\/product\/led-gls-filament-e27-8w-240v-1055lm-2700k-300-inesa-spuldze\/"},"modified":"2026-04-06T10:51:39","modified_gmt":"2026-04-06T07:51:39","slug":"led-gls-filament-e27-8w-240v-1055lm-2700k-300-inesa-spuldze","status":"publish","type":"product","link":"https:\/\/ddt.lv\/en\/product\/led-gls-filament-e27-8w-240v-1055lm-2700k-300-inesa-spuldze\/","title":{"rendered":"LED bulb Inesa GLS FILAMENT E27 8W 240V 1055lm 2700K 300&#8242;"},"content":{"rendered":"<p>Inesa LED ir apgaismojuma ra\u017eot\u0101ja Sylvania meitas komp\u0101nija. Ung\u0101rij\u0101 ra\u017eot\u0101s LED spuldzes un gaismek\u013ci kalpo ilgi un nezaud\u0113 savu toni un gaismas atdevi. Sylvania kvalit\u0101te par nedaudz draudz\u012bg\u0101ku cenu!<\/p>\n","protected":false},"excerpt":{"rendered":"<p>Inesa LED ir apgaismojuma ra\u017eot\u0101ja Sylvania meitas komp\u0101nija. Ung\u0101rij\u0101 ra\u017eot\u0101s LED spuldzes un gaismek\u013ci kalpo ilgi un nezaud\u0113 savu toni un gaismas atdevi. Sylvania kvalit\u0101te par nedaudz draudz\u012bg\u0101ku cenu!<\/p>\n","protected":false},"featured_media":22624,"comment_status":"closed","ping_status":"closed","template":"","meta":{"inline_featured_image":false},"product_cat":[925],"product_tag":[],"yst_prominent_words":[],"class_list":{"0":"post-22556","1":"product","2":"type-product","3":"status-publish","4":"has-post-thumbnail","6":"product_cat-filament-tipa-spuldzes","8":"first","9":"instock","10":"taxable","11":"shipping-taxable","12":"purchasable","13":"product-type-simple"},"jetpack_sharing_enabled":true,"_links":{"self":[{"href":"https:\/\/ddt.lv\/en\/wp-json\/wp\/v2\/product\/22556"}],"collection":[{"href":"https:\/\/ddt.lv\/en\/wp-json\/wp\/v2\/product"}],"about":[{"href":"https:\/\/ddt.lv\/en\/wp-json\/wp\/v2\/types\/product"}],"replies":[{"embeddable":true,"href":"https:\/\/ddt.lv\/en\/wp-json\/wp\/v2\/comments?post=22556"}],"wp:featuredmedia":[{"embeddable":true,"href":"https:\/\/ddt.lv\/en\/wp-json\/wp\/v2\/media\/22624"}],"wp:attachment":[{"href":"https:\/\/ddt.lv\/en\/wp-json\/wp\/v2\/media?parent=22556"}],"wp:term":[{"taxonomy":"product_cat","embeddable":true,"href":"https:\/\/ddt.lv\/en\/wp-json\/wp\/v2\/product_cat?post=22556"},{"taxonomy":"product_tag","embeddable":true,"href":"https:\/\/ddt.lv\/en\/wp-json\/wp\/v2\/product_tag?post=22556"},{"taxonomy":"yst_prominent_words","embeddable":true,"href":"https:\/\/ddt.lv\/en\/wp-json\/wp\/v2\/yst_prominent_words?post=22556"}],"curies":[{"name":"wp","href":"https:\/\/api.w.org\/{rel}","templated":true}]}}