{"id":22482,"date":"2020-04-16T11:36:50","date_gmt":"2020-04-16T08:36:50","guid":{"rendered":"https:\/\/ddt.lv\/lv\/product\/led-panelis-inesa-40w-3000k-2880lm-ip40-1195x295mm\/"},"modified":"2026-04-06T10:55:46","modified_gmt":"2026-04-06T07:55:46","slug":"led-panelis-inesa-40w-3000k-2880lm-ip40-1195x295mm","status":"publish","type":"product","link":"https:\/\/ddt.lv\/en\/product\/led-panelis-inesa-40w-3000k-2880lm-ip40-1195x295mm\/","title":{"rendered":"LED panel Inesa 40W 3000K 2880lm IP40 1195x295mm"},"content":{"rendered":"<p>Inesa LED ir apgaismojuma ra\u017eot\u0101ja Sylvania meitas komp\u0101nija. Ung\u0101rij\u0101 ra\u017eot\u0101s LED spuldzes un gaismek\u013ci kalpo ilgi un nezaud\u0113 savu toni un gaismas atdevi. Sylvania kvalit\u0101te par nedaudz draudz\u012bg\u0101ku cenu!<\/p>\n","protected":false},"excerpt":{"rendered":"<p>Inesa LED ir apgaismojuma ra\u017eot\u0101ja Sylvania meitas komp\u0101nija. Ung\u0101rij\u0101 ra\u017eot\u0101s LED spuldzes un gaismek\u013ci kalpo ilgi un nezaud\u0113 savu toni un gaismas atdevi. Sylvania kvalit\u0101te par nedaudz draudz\u012bg\u0101ku cenu!<\/p>\n","protected":false},"featured_media":22507,"comment_status":"closed","ping_status":"closed","template":"","meta":{"inline_featured_image":false},"product_cat":[772,924],"product_tag":[],"yst_prominent_words":[],"class_list":{"0":"post-22482","1":"product","2":"type-product","3":"status-publish","4":"has-post-thumbnail","6":"product_cat-atlaides","7":"product_cat-led-paneli","9":"first","10":"instock","11":"sale","12":"taxable","13":"shipping-taxable","14":"purchasable","15":"product-type-simple"},"jetpack_sharing_enabled":true,"_links":{"self":[{"href":"https:\/\/ddt.lv\/en\/wp-json\/wp\/v2\/product\/22482"}],"collection":[{"href":"https:\/\/ddt.lv\/en\/wp-json\/wp\/v2\/product"}],"about":[{"href":"https:\/\/ddt.lv\/en\/wp-json\/wp\/v2\/types\/product"}],"replies":[{"embeddable":true,"href":"https:\/\/ddt.lv\/en\/wp-json\/wp\/v2\/comments?post=22482"}],"wp:featuredmedia":[{"embeddable":true,"href":"https:\/\/ddt.lv\/en\/wp-json\/wp\/v2\/media\/22507"}],"wp:attachment":[{"href":"https:\/\/ddt.lv\/en\/wp-json\/wp\/v2\/media?parent=22482"}],"wp:term":[{"taxonomy":"product_cat","embeddable":true,"href":"https:\/\/ddt.lv\/en\/wp-json\/wp\/v2\/product_cat?post=22482"},{"taxonomy":"product_tag","embeddable":true,"href":"https:\/\/ddt.lv\/en\/wp-json\/wp\/v2\/product_tag?post=22482"},{"taxonomy":"yst_prominent_words","embeddable":true,"href":"https:\/\/ddt.lv\/en\/wp-json\/wp\/v2\/yst_prominent_words?post=22482"}],"curies":[{"name":"wp","href":"https:\/\/api.w.org\/{rel}","templated":true}]}}