{"id":22410,"date":"2020-04-08T13:29:45","date_gmt":"2020-04-08T10:29:45","guid":{"rendered":"https:\/\/ddt.lv\/lv\/product\/metala-caurule-platinet-pvc-serijas-puteklsucejiem\/"},"modified":"2026-04-13T09:50:53","modified_gmt":"2026-04-13T06:50:53","slug":"metala-caurule-platinet-pvc-serijas-puteklsucejiem","status":"publish","type":"product","link":"https:\/\/ddt.lv\/en\/product\/metala-caurule-platinet-pvc-serijas-puteklsucejiem\/","title":{"rendered":"Metal telescopic tube for Platinet PVC vacuum cleaners series"},"content":{"rendered":"<p>Met\u0101la teleskopisk\u0101 caurule Platinet PVC putek\u013cu s\u016bc\u0113ju s\u0113rijai.<\/p>\n","protected":false},"excerpt":{"rendered":"<p>Met\u0101la teleskopisk\u0101 caurule Platinet PVC putek\u013cu s\u016bc\u0113ju s\u0113rijai.<\/p>\n","protected":false},"featured_media":22415,"comment_status":"closed","ping_status":"closed","template":"","meta":{"inline_featured_image":false},"product_cat":[923],"product_tag":[],"yst_prominent_words":[],"class_list":{"0":"post-22410","1":"product","2":"type-product","3":"status-publish","4":"has-post-thumbnail","6":"product_cat-puteklu-suceji","8":"first","9":"instock","10":"taxable","11":"shipping-taxable","12":"purchasable","13":"product-type-simple"},"jetpack_sharing_enabled":true,"_links":{"self":[{"href":"https:\/\/ddt.lv\/en\/wp-json\/wp\/v2\/product\/22410"}],"collection":[{"href":"https:\/\/ddt.lv\/en\/wp-json\/wp\/v2\/product"}],"about":[{"href":"https:\/\/ddt.lv\/en\/wp-json\/wp\/v2\/types\/product"}],"replies":[{"embeddable":true,"href":"https:\/\/ddt.lv\/en\/wp-json\/wp\/v2\/comments?post=22410"}],"wp:featuredmedia":[{"embeddable":true,"href":"https:\/\/ddt.lv\/en\/wp-json\/wp\/v2\/media\/22415"}],"wp:attachment":[{"href":"https:\/\/ddt.lv\/en\/wp-json\/wp\/v2\/media?parent=22410"}],"wp:term":[{"taxonomy":"product_cat","embeddable":true,"href":"https:\/\/ddt.lv\/en\/wp-json\/wp\/v2\/product_cat?post=22410"},{"taxonomy":"product_tag","embeddable":true,"href":"https:\/\/ddt.lv\/en\/wp-json\/wp\/v2\/product_tag?post=22410"},{"taxonomy":"yst_prominent_words","embeddable":true,"href":"https:\/\/ddt.lv\/en\/wp-json\/wp\/v2\/yst_prominent_words?post=22410"}],"curies":[{"name":"wp","href":"https:\/\/api.w.org\/{rel}","templated":true}]}}