{"id":22409,"date":"2020-04-08T13:29:45","date_gmt":"2020-04-08T10:29:45","guid":{"rendered":"https:\/\/ddt.lv\/lv\/product\/platinet-puteklu-suceja-maisins-prieks-pbvc700w\/"},"modified":"2026-04-13T09:50:48","modified_gmt":"2026-04-13T06:50:48","slug":"platinet-puteklu-suceja-maisins-prieks-pbvc700w","status":"publish","type":"product","link":"https:\/\/ddt.lv\/en\/product\/platinet-puteklu-suceja-maisins-prieks-pbvc700w\/","title":{"rendered":"Bag Vacuum Cleaner Extra Bag Dedicated to PBVC700W"},"content":{"rendered":"<p>Maiss Platinet PBVC700W putek\u013cu s\u016bc\u0113jiem. \u0160iem maisiem ir rakstur\u012bga augsta iztur\u012bba un lab\u0101ka veiktsp\u0113ja k\u0101 pap\u012bra maisi\u0146iem.<\/p>\n","protected":false},"excerpt":{"rendered":"<p>Maiss Platinet PBVC700W putek\u013cu s\u016bc\u0113jiem. \u0160iem maisiem ir rakstur\u012bga augsta iztur\u012bba un lab\u0101ka veiktsp\u0113ja k\u0101 pap\u012bra maisi\u0146iem.<\/p>\n","protected":false},"featured_media":22416,"comment_status":"closed","ping_status":"closed","template":"","meta":{"inline_featured_image":false},"product_cat":[923],"product_tag":[],"yst_prominent_words":[],"class_list":{"0":"post-22409","1":"product","2":"type-product","3":"status-publish","4":"has-post-thumbnail","6":"product_cat-puteklu-suceji","8":"first","9":"outofstock","10":"taxable","11":"shipping-taxable","12":"purchasable","13":"product-type-simple"},"jetpack_sharing_enabled":true,"_links":{"self":[{"href":"https:\/\/ddt.lv\/en\/wp-json\/wp\/v2\/product\/22409"}],"collection":[{"href":"https:\/\/ddt.lv\/en\/wp-json\/wp\/v2\/product"}],"about":[{"href":"https:\/\/ddt.lv\/en\/wp-json\/wp\/v2\/types\/product"}],"replies":[{"embeddable":true,"href":"https:\/\/ddt.lv\/en\/wp-json\/wp\/v2\/comments?post=22409"}],"wp:featuredmedia":[{"embeddable":true,"href":"https:\/\/ddt.lv\/en\/wp-json\/wp\/v2\/media\/22416"}],"wp:attachment":[{"href":"https:\/\/ddt.lv\/en\/wp-json\/wp\/v2\/media?parent=22409"}],"wp:term":[{"taxonomy":"product_cat","embeddable":true,"href":"https:\/\/ddt.lv\/en\/wp-json\/wp\/v2\/product_cat?post=22409"},{"taxonomy":"product_tag","embeddable":true,"href":"https:\/\/ddt.lv\/en\/wp-json\/wp\/v2\/product_tag?post=22409"},{"taxonomy":"yst_prominent_words","embeddable":true,"href":"https:\/\/ddt.lv\/en\/wp-json\/wp\/v2\/yst_prominent_words?post=22409"}],"curies":[{"name":"wp","href":"https:\/\/api.w.org\/{rel}","templated":true}]}}