{"id":22388,"date":"2020-04-07T12:21:07","date_gmt":"2020-04-07T09:21:07","guid":{"rendered":"https:\/\/ddt.lv\/lv\/product\/elektriska-tejkanna-one-1-0l-ner-terauda-unold\/"},"modified":"2026-04-01T00:17:17","modified_gmt":"2026-03-31T21:17:17","slug":"elektriska-tejkanna-one-1-0l-ner-terauda-unold","status":"publish","type":"product","link":"https:\/\/ddt.lv\/en\/product\/elektriska-tejkanna-one-1-0l-ner-terauda-unold\/","title":{"rendered":"Kettle Unold ONE 1,0L stainless steel"},"content":{"rendered":"<p>T\u0113jkannu One ir apvelt\u012bta ar stil\u012bgu dizainu. Taisnas l\u012bnijas no ner\u016bs\u0113jo\u0161\u0101 t\u0113rauda ar sat\u012bna apdari uzsver melna plastmasa. Iesl\u0113g\u0161anas \/ izsl\u0113g\u0161anas sl\u0113dzis ir ieb\u016bv\u0113ts \u0113rt\u0101 roktur\u012b. Bez\u0161uvju ner\u016bs\u0113jo\u0161\u0101 t\u0113rauda tvertnes ar \u016bdens l\u012bme\u0146a indikatoru tilpums ir apm. 1 litrs. Svaigi pagatavotai t\u0113jai vai \u0101tri pagatavotiem t\u016bl\u012bt\u0113jiem \u0113dieniem vajadz\u012bgaj\u0101 temperat\u016br\u0101. Iesl\u0113g\u0161anas \/ izsl\u0113g\u0161anas sl\u0113dzis ir integr\u0113ts roktur\u012b, v\u0101ks ir apr\u012bkots ar dro\u0161\u012bbas sl\u0113dzeni un to var atv\u0113rt, nospie\u017eot tikai vienu pogu.<\/p>\n","protected":false},"excerpt":{"rendered":"<p>T\u0113jkannu One ir apvelt\u012bta ar stil\u012bgu dizainu. Taisnas l\u012bnijas no ner\u016bs\u0113jo\u0161\u0101 t\u0113rauda ar sat\u012bna apdari uzsver melna plastmasa. Iesl\u0113g\u0161anas \/ izsl\u0113g\u0161anas sl\u0113dzis ir ieb\u016bv\u0113ts \u0113rt\u0101 roktur\u012b. Bez\u0161uvju ner\u016bs\u0113jo\u0161\u0101 t\u0113rauda tvertnes ar \u016bdens l\u012bme\u0146a indikatoru tilpums ir apm. 1 litrs. Svaigi pagatavotai t\u0113jai vai \u0101tri pagatavotiem t\u016bl\u012bt\u0113jiem \u0113dieniem vajadz\u012bgaj\u0101 temperat\u016br\u0101. Iesl\u0113g\u0161anas \/ izsl\u0113g\u0161anas sl\u0113dzis ir integr\u0113ts [&hellip;]<\/p>\n","protected":false},"featured_media":22389,"comment_status":"closed","ping_status":"closed","template":"","meta":{"inline_featured_image":false},"product_cat":[523],"product_tag":[],"yst_prominent_words":[],"class_list":{"0":"post-22388","1":"product","2":"type-product","3":"status-publish","4":"has-post-thumbnail","6":"product_cat-tejkannas-kafijas-automati","8":"first","9":"outofstock","10":"taxable","11":"shipping-taxable","12":"purchasable","13":"product-type-simple"},"jetpack_sharing_enabled":true,"_links":{"self":[{"href":"https:\/\/ddt.lv\/en\/wp-json\/wp\/v2\/product\/22388"}],"collection":[{"href":"https:\/\/ddt.lv\/en\/wp-json\/wp\/v2\/product"}],"about":[{"href":"https:\/\/ddt.lv\/en\/wp-json\/wp\/v2\/types\/product"}],"replies":[{"embeddable":true,"href":"https:\/\/ddt.lv\/en\/wp-json\/wp\/v2\/comments?post=22388"}],"wp:featuredmedia":[{"embeddable":true,"href":"https:\/\/ddt.lv\/en\/wp-json\/wp\/v2\/media\/22389"}],"wp:attachment":[{"href":"https:\/\/ddt.lv\/en\/wp-json\/wp\/v2\/media?parent=22388"}],"wp:term":[{"taxonomy":"product_cat","embeddable":true,"href":"https:\/\/ddt.lv\/en\/wp-json\/wp\/v2\/product_cat?post=22388"},{"taxonomy":"product_tag","embeddable":true,"href":"https:\/\/ddt.lv\/en\/wp-json\/wp\/v2\/product_tag?post=22388"},{"taxonomy":"yst_prominent_words","embeddable":true,"href":"https:\/\/ddt.lv\/en\/wp-json\/wp\/v2\/yst_prominent_words?post=22388"}],"curies":[{"name":"wp","href":"https:\/\/api.w.org\/{rel}","templated":true}]}}