{"id":22306,"date":"2020-03-24T09:55:40","date_gmt":"2020-03-24T07:55:40","guid":{"rendered":"https:\/\/ddt.lv\/lv\/product\/mix-go-300w-blenderis-25161-56-rh-russell-hobbs\/"},"modified":"2026-04-08T14:37:16","modified_gmt":"2026-04-08T11:37:16","slug":"mix-go-300w-blenderis-25161-56-rh-russell-hobbs","status":"publish","type":"product","link":"https:\/\/ddt.lv\/en\/product\/mix-go-300w-blenderis-25161-56-rh-russell-hobbs\/","title":{"rendered":"MIX &amp; GO 400W blender 25161-56\/RH Russell Hobbs"},"content":{"rendered":"<p>MIX &amp; GO blenderis ar div\u0101m l\u012bdzi \u0146emam\u0101m pudel\u0113m ar v\u0101ci\u0146iem un diviem dzes\u0113\u0161anas elementiem vien\u0101 ier\u012bc\u0113, ir \u0113rts pal\u012bgs ikdienas steig\u0101.\u00a0 Gardas ogas, sulas, saldi ban\u0101ni, kr\u0113m\u012bgi jogurti &#8211; j\u016bs varat pagatavot gardus, v\u0113rt\u012bgus sm\u016btijus vien\u0101 no 600ml pudel\u0113m, sablender\u0113jot un vienk\u0101r\u0161i \u0146emot to l\u012bdzi.<\/p>\n","protected":false},"excerpt":{"rendered":"<p>MIX &amp; GO blenderis ar div\u0101m l\u012bdzi \u0146emam\u0101m pudel\u0113m ar v\u0101ci\u0146iem un diviem dzes\u0113\u0161anas elementiem vien\u0101 ier\u012bc\u0113, ir \u0113rts pal\u012bgs ikdienas steig\u0101.\u00a0 Gardas ogas, sulas, saldi ban\u0101ni, kr\u0113m\u012bgi jogurti &#8211; j\u016bs varat pagatavot gardus, v\u0113rt\u012bgus sm\u016btijus vien\u0101 no 600ml pudel\u0113m, sablender\u0113jot un vienk\u0101r\u0161i \u0146emot to l\u012bdzi.<\/p>\n","protected":false},"featured_media":22338,"comment_status":"closed","ping_status":"closed","template":"","meta":{"inline_featured_image":false},"product_cat":[772,535],"product_tag":[],"yst_prominent_words":[],"class_list":{"0":"post-22306","1":"product","2":"type-product","3":"status-publish","4":"has-post-thumbnail","6":"product_cat-atlaides","7":"product_cat-blenderimikserisulasspiedes","9":"first","10":"instock","11":"sale","12":"taxable","13":"shipping-taxable","14":"purchasable","15":"product-type-simple"},"jetpack_sharing_enabled":true,"_links":{"self":[{"href":"https:\/\/ddt.lv\/en\/wp-json\/wp\/v2\/product\/22306"}],"collection":[{"href":"https:\/\/ddt.lv\/en\/wp-json\/wp\/v2\/product"}],"about":[{"href":"https:\/\/ddt.lv\/en\/wp-json\/wp\/v2\/types\/product"}],"replies":[{"embeddable":true,"href":"https:\/\/ddt.lv\/en\/wp-json\/wp\/v2\/comments?post=22306"}],"wp:featuredmedia":[{"embeddable":true,"href":"https:\/\/ddt.lv\/en\/wp-json\/wp\/v2\/media\/22338"}],"wp:attachment":[{"href":"https:\/\/ddt.lv\/en\/wp-json\/wp\/v2\/media?parent=22306"}],"wp:term":[{"taxonomy":"product_cat","embeddable":true,"href":"https:\/\/ddt.lv\/en\/wp-json\/wp\/v2\/product_cat?post=22306"},{"taxonomy":"product_tag","embeddable":true,"href":"https:\/\/ddt.lv\/en\/wp-json\/wp\/v2\/product_tag?post=22306"},{"taxonomy":"yst_prominent_words","embeddable":true,"href":"https:\/\/ddt.lv\/en\/wp-json\/wp\/v2\/yst_prominent_words?post=22306"}],"curies":[{"name":"wp","href":"https:\/\/api.w.org\/{rel}","templated":true}]}}