{"id":22234,"date":"2020-03-12T14:52:20","date_gmt":"2020-03-12T12:52:20","guid":{"rendered":"https:\/\/ddt.lv\/lv\/product\/multif-lad-ierice-nitecore-d4eu-li-ion18650-imr-ni-mh-ni-cd\/"},"modified":"2026-04-08T14:36:10","modified_gmt":"2026-04-08T11:36:10","slug":"multif-lad-ierice-nitecore-d4eu-li-ion18650-imr-ni-mh-ni-cd","status":"publish","type":"product","link":"https:\/\/ddt.lv\/en\/product\/multif-lad-ierice-nitecore-d4eu-li-ion18650-imr-ni-mh-ni-cd\/","title":{"rendered":"Multifunctional battery charger NITECORE D4EU Li-ion18650, IMR, Ni-MH, Ni-Cd"},"content":{"rendered":"<p>Augstas klases bateriju tipa akumulatoru l\u0101d\u0113t\u0101js no ra\u017eot\u0101ja NiteCore.<\/p>\n","protected":false},"excerpt":{"rendered":"<p>Augstas klases bateriju tipa akumulatoru l\u0101d\u0113t\u0101js no ra\u017eot\u0101ja NiteCore.<\/p>\n","protected":false},"featured_media":22235,"comment_status":"closed","ping_status":"closed","template":"","meta":{"inline_featured_image":false},"product_cat":[453],"product_tag":[],"yst_prominent_words":[],"class_list":{"0":"post-22234","1":"product","2":"type-product","3":"status-publish","4":"has-post-thumbnail","6":"product_cat-ladesanas-ierices","8":"first","9":"instock","10":"taxable","11":"shipping-taxable","12":"purchasable","13":"product-type-simple"},"jetpack_sharing_enabled":true,"_links":{"self":[{"href":"https:\/\/ddt.lv\/en\/wp-json\/wp\/v2\/product\/22234"}],"collection":[{"href":"https:\/\/ddt.lv\/en\/wp-json\/wp\/v2\/product"}],"about":[{"href":"https:\/\/ddt.lv\/en\/wp-json\/wp\/v2\/types\/product"}],"replies":[{"embeddable":true,"href":"https:\/\/ddt.lv\/en\/wp-json\/wp\/v2\/comments?post=22234"}],"wp:featuredmedia":[{"embeddable":true,"href":"https:\/\/ddt.lv\/en\/wp-json\/wp\/v2\/media\/22235"}],"wp:attachment":[{"href":"https:\/\/ddt.lv\/en\/wp-json\/wp\/v2\/media?parent=22234"}],"wp:term":[{"taxonomy":"product_cat","embeddable":true,"href":"https:\/\/ddt.lv\/en\/wp-json\/wp\/v2\/product_cat?post=22234"},{"taxonomy":"product_tag","embeddable":true,"href":"https:\/\/ddt.lv\/en\/wp-json\/wp\/v2\/product_tag?post=22234"},{"taxonomy":"yst_prominent_words","embeddable":true,"href":"https:\/\/ddt.lv\/en\/wp-json\/wp\/v2\/yst_prominent_words?post=22234"}],"curies":[{"name":"wp","href":"https:\/\/api.w.org\/{rel}","templated":true}]}}