{"id":22175,"date":"2020-03-10T12:18:09","date_gmt":"2020-03-10T10:18:09","guid":{"rendered":"https:\/\/ddt.lv\/lv\/product\/usb-c-3-1-karsu-lasitajs-cf-sd-microsd-platinet\/"},"modified":"2026-04-13T09:56:36","modified_gmt":"2026-04-13T06:56:36","slug":"usb-c-3-1-karsu-lasitajs-cf-sd-microsd-platinet","status":"publish","type":"product","link":"https:\/\/ddt.lv\/en\/product\/usb-c-3-1-karsu-lasitajs-cf-sd-microsd-platinet\/","title":{"rendered":"Card Reader 3in1 CF\/SD\/microSD PLATINET"},"content":{"rendered":"<p>Atmi\u0146as kar\u0161u las\u012bt\u0101js no ra\u017eot\u0101ja Platinet. Savienojams ar Compact Flash (CF), SD un microSD atmi\u0146as kart\u0113m.<\/p>\n","protected":false},"excerpt":{"rendered":"<p>Atmi\u0146as kar\u0161u las\u012bt\u0101js no ra\u017eot\u0101ja Platinet. Savienojams ar Compact Flash (CF), SD un microSD atmi\u0146as kart\u0113m.<\/p>\n","protected":false},"featured_media":22176,"comment_status":"closed","ping_status":"closed","template":"","meta":{"inline_featured_image":false},"product_cat":[1431],"product_tag":[],"yst_prominent_words":[],"class_list":{"0":"post-22175","1":"product","2":"type-product","3":"status-publish","4":"has-post-thumbnail","6":"product_cat-karsu-lasitajiadapterizibatm","8":"first","9":"outofstock","10":"taxable","11":"shipping-taxable","12":"purchasable","13":"product-type-simple"},"jetpack_sharing_enabled":true,"_links":{"self":[{"href":"https:\/\/ddt.lv\/en\/wp-json\/wp\/v2\/product\/22175"}],"collection":[{"href":"https:\/\/ddt.lv\/en\/wp-json\/wp\/v2\/product"}],"about":[{"href":"https:\/\/ddt.lv\/en\/wp-json\/wp\/v2\/types\/product"}],"replies":[{"embeddable":true,"href":"https:\/\/ddt.lv\/en\/wp-json\/wp\/v2\/comments?post=22175"}],"wp:featuredmedia":[{"embeddable":true,"href":"https:\/\/ddt.lv\/en\/wp-json\/wp\/v2\/media\/22176"}],"wp:attachment":[{"href":"https:\/\/ddt.lv\/en\/wp-json\/wp\/v2\/media?parent=22175"}],"wp:term":[{"taxonomy":"product_cat","embeddable":true,"href":"https:\/\/ddt.lv\/en\/wp-json\/wp\/v2\/product_cat?post=22175"},{"taxonomy":"product_tag","embeddable":true,"href":"https:\/\/ddt.lv\/en\/wp-json\/wp\/v2\/product_tag?post=22175"},{"taxonomy":"yst_prominent_words","embeddable":true,"href":"https:\/\/ddt.lv\/en\/wp-json\/wp\/v2\/yst_prominent_words?post=22175"}],"curies":[{"name":"wp","href":"https:\/\/api.w.org\/{rel}","templated":true}]}}