{"id":22174,"date":"2020-03-10T12:18:09","date_gmt":"2020-03-10T10:18:09","guid":{"rendered":"https:\/\/ddt.lv\/lv\/product\/bluetooth-skalrunis-modinatajs-usb-fm-10w-platinet\/"},"modified":"2026-04-06T10:57:02","modified_gmt":"2026-04-06T07:57:02","slug":"bluetooth-skalrunis-modinatajs-usb-fm-10w-platinet","status":"publish","type":"product","link":"https:\/\/ddt.lv\/en\/product\/bluetooth-skalrunis-modinatajs-usb-fm-10w-platinet\/","title":{"rendered":"Bluetooth speaker, alarm function 10W PLATINET"},"content":{"rendered":"<p>Bluetooth ska\u013crunis ar modin\u0101t\u0101ja un pulkste\u0146a funkcij\u0101m no ra\u017eot\u0101ja Platinet.<\/p>\n","protected":false},"excerpt":{"rendered":"<p>Bluetooth ska\u013crunis ar modin\u0101t\u0101ja un pulkste\u0146a funkcij\u0101m no ra\u017eot\u0101ja Platinet.<\/p>\n","protected":false},"featured_media":22182,"comment_status":"closed","ping_status":"closed","template":"","meta":{"inline_featured_image":false},"product_cat":[845],"product_tag":[],"yst_prominent_words":[],"class_list":{"0":"post-22174","1":"product","2":"type-product","3":"status-publish","4":"has-post-thumbnail","6":"product_cat-radio-bluetooth-skalruni","8":"first","9":"instock","10":"taxable","11":"shipping-taxable","12":"purchasable","13":"product-type-simple"},"jetpack_sharing_enabled":true,"_links":{"self":[{"href":"https:\/\/ddt.lv\/en\/wp-json\/wp\/v2\/product\/22174"}],"collection":[{"href":"https:\/\/ddt.lv\/en\/wp-json\/wp\/v2\/product"}],"about":[{"href":"https:\/\/ddt.lv\/en\/wp-json\/wp\/v2\/types\/product"}],"replies":[{"embeddable":true,"href":"https:\/\/ddt.lv\/en\/wp-json\/wp\/v2\/comments?post=22174"}],"wp:featuredmedia":[{"embeddable":true,"href":"https:\/\/ddt.lv\/en\/wp-json\/wp\/v2\/media\/22182"}],"wp:attachment":[{"href":"https:\/\/ddt.lv\/en\/wp-json\/wp\/v2\/media?parent=22174"}],"wp:term":[{"taxonomy":"product_cat","embeddable":true,"href":"https:\/\/ddt.lv\/en\/wp-json\/wp\/v2\/product_cat?post=22174"},{"taxonomy":"product_tag","embeddable":true,"href":"https:\/\/ddt.lv\/en\/wp-json\/wp\/v2\/product_tag?post=22174"},{"taxonomy":"yst_prominent_words","embeddable":true,"href":"https:\/\/ddt.lv\/en\/wp-json\/wp\/v2\/yst_prominent_words?post=22174"}],"curies":[{"name":"wp","href":"https:\/\/api.w.org\/{rel}","templated":true}]}}