{"id":22077,"date":"2020-03-09T12:14:52","date_gmt":"2020-03-09T10:14:52","guid":{"rendered":"https:\/\/ddt.lv\/lv\/product\/meteostacija-pulkstenis-bezvadu-balta3xaaa-emos\/"},"modified":"2026-04-01T00:17:15","modified_gmt":"2026-03-31T21:17:15","slug":"meteostacija-pulkstenis-bezvadu-balta3xaaa-emos","status":"publish","type":"product","link":"https:\/\/ddt.lv\/en\/product\/meteostacija-pulkstenis-bezvadu-balta3xaaa-emos\/","title":{"rendered":"Wireless Digital Weather Station E8835 EMOS"},"content":{"rendered":"<p>Pateicoties \u0161ai meteostacijai, J\u016bs vienm\u0113r dro\u0161i zin\u0101siet, k\u0101diem laikapst\u0101k\u013ciem j\u0101b\u016bt gatavam\/ai. Nek\u0101du \u0161aubu, aktu\u0101l\u0101 inform\u0101cija vienm\u0113r ir pieejama.<\/p>\n","protected":false},"excerpt":{"rendered":"<p>Pateicoties \u0161ai meteostacijai, J\u016bs vienm\u0113r dro\u0161i zin\u0101siet, k\u0101diem laikapst\u0101k\u013ciem j\u0101b\u016bt gatavam\/ai. Nek\u0101du \u0161aubu, aktu\u0101l\u0101 inform\u0101cija vienm\u0113r ir pieejama.<\/p>\n","protected":false},"featured_media":22137,"comment_status":"closed","ping_status":"closed","template":"","meta":{"inline_featured_image":false},"product_cat":[541],"product_tag":[],"yst_prominent_words":[],"class_list":{"0":"post-22077","1":"product","2":"type-product","3":"status-publish","4":"has-post-thumbnail","6":"product_cat-termometri-meteostacijas","8":"first","9":"outofstock","10":"taxable","11":"shipping-taxable","12":"purchasable","13":"product-type-simple"},"jetpack_sharing_enabled":true,"_links":{"self":[{"href":"https:\/\/ddt.lv\/en\/wp-json\/wp\/v2\/product\/22077"}],"collection":[{"href":"https:\/\/ddt.lv\/en\/wp-json\/wp\/v2\/product"}],"about":[{"href":"https:\/\/ddt.lv\/en\/wp-json\/wp\/v2\/types\/product"}],"replies":[{"embeddable":true,"href":"https:\/\/ddt.lv\/en\/wp-json\/wp\/v2\/comments?post=22077"}],"wp:featuredmedia":[{"embeddable":true,"href":"https:\/\/ddt.lv\/en\/wp-json\/wp\/v2\/media\/22137"}],"wp:attachment":[{"href":"https:\/\/ddt.lv\/en\/wp-json\/wp\/v2\/media?parent=22077"}],"wp:term":[{"taxonomy":"product_cat","embeddable":true,"href":"https:\/\/ddt.lv\/en\/wp-json\/wp\/v2\/product_cat?post=22077"},{"taxonomy":"product_tag","embeddable":true,"href":"https:\/\/ddt.lv\/en\/wp-json\/wp\/v2\/product_tag?post=22077"},{"taxonomy":"yst_prominent_words","embeddable":true,"href":"https:\/\/ddt.lv\/en\/wp-json\/wp\/v2\/yst_prominent_words?post=22077"}],"curies":[{"name":"wp","href":"https:\/\/api.w.org\/{rel}","templated":true}]}}