{"id":21983,"date":"2020-03-06T13:41:14","date_gmt":"2020-03-06T11:41:14","guid":{"rendered":"https:\/\/ddt.lv\/lv\/product\/led-prozektors-10w-ip54-800lm-4k-ar-sensoru-melns-tambo-emos\/"},"modified":"2026-04-06T10:57:03","modified_gmt":"2026-04-06T07:57:03","slug":"led-prozektors-10w-ip54-800lm-4k-ar-sensoru-melns-tambo-emos","status":"publish","type":"product","link":"https:\/\/ddt.lv\/en\/product\/led-prozektors-10w-ip54-800lm-4k-ar-sensoru-melns-tambo-emos\/","title":{"rendered":"LED Floodlight with motion sensor EMOS Tambo 10W 800lm 4000K IP54"},"content":{"rendered":"<div class=\"row product-tabs-row\">\n<div class=\"col-xs-12\">\n<div>\n<div class=\"tab-content\">\n<div id=\"product_full_description\" class=\"tab-pane active\" role=\"tabpanel\">Led pro\u017eektors ar ieb\u016bv\u0113tu sensoru no ra\u017eot\u0101ja Emos.<\/div>\n<\/div>\n<\/div>\n<\/div>\n<\/div>\n","protected":false},"excerpt":{"rendered":"<p>Led pro\u017eektors ar ieb\u016bv\u0113tu sensoru no ra\u017eot\u0101ja Emos.<\/p>\n","protected":false},"featured_media":22029,"comment_status":"closed","ping_status":"closed","template":"","meta":{"inline_featured_image":false},"product_cat":[1587,772,908],"product_tag":[],"yst_prominent_words":[],"class_list":{"0":"post-21983","1":"product","2":"type-product","3":"status-publish","4":"has-post-thumbnail","6":"product_cat-apgaismojums-virtenes","7":"product_cat-atlaides","8":"product_cat-led-prozektori","10":"first","11":"instock","12":"sale","13":"taxable","14":"shipping-taxable","15":"purchasable","16":"product-type-simple"},"jetpack_sharing_enabled":true,"_links":{"self":[{"href":"https:\/\/ddt.lv\/en\/wp-json\/wp\/v2\/product\/21983"}],"collection":[{"href":"https:\/\/ddt.lv\/en\/wp-json\/wp\/v2\/product"}],"about":[{"href":"https:\/\/ddt.lv\/en\/wp-json\/wp\/v2\/types\/product"}],"replies":[{"embeddable":true,"href":"https:\/\/ddt.lv\/en\/wp-json\/wp\/v2\/comments?post=21983"}],"wp:featuredmedia":[{"embeddable":true,"href":"https:\/\/ddt.lv\/en\/wp-json\/wp\/v2\/media\/22029"}],"wp:attachment":[{"href":"https:\/\/ddt.lv\/en\/wp-json\/wp\/v2\/media?parent=21983"}],"wp:term":[{"taxonomy":"product_cat","embeddable":true,"href":"https:\/\/ddt.lv\/en\/wp-json\/wp\/v2\/product_cat?post=21983"},{"taxonomy":"product_tag","embeddable":true,"href":"https:\/\/ddt.lv\/en\/wp-json\/wp\/v2\/product_tag?post=21983"},{"taxonomy":"yst_prominent_words","embeddable":true,"href":"https:\/\/ddt.lv\/en\/wp-json\/wp\/v2\/yst_prominent_words?post=21983"}],"curies":[{"name":"wp","href":"https:\/\/api.w.org\/{rel}","templated":true}]}}