{"id":21949,"date":"2020-03-03T11:39:13","date_gmt":"2020-03-03T09:39:13","guid":{"rendered":"https:\/\/ddt.lv\/lv\/product\/sadalitajs-2-viet-a-z-ar-sledzi-entac\/"},"modified":"2026-04-13T09:57:09","modified_gmt":"2026-04-13T06:57:09","slug":"sadalitajs-2-viet-a-z-ar-sledzi-entac","status":"publish","type":"product","link":"https:\/\/ddt.lv\/en\/product\/sadalitajs-2-viet-a-z-ar-sledzi-entac\/","title":{"rendered":"Entac Power Adapter 2 Sockets with Switch"},"content":{"rendered":"<p>Sadal\u012bt\u0101js no ra\u017eot\u0101ja Entac.<\/p>\n","protected":false},"excerpt":{"rendered":"<p>Sadal\u012bt\u0101js no ra\u017eot\u0101ja Entac.<\/p>\n","protected":false},"featured_media":21953,"comment_status":"closed","ping_status":"closed","template":"","meta":{"inline_featured_image":false},"product_cat":[747],"product_tag":[],"yst_prominent_words":[],"class_list":{"0":"post-21949","1":"product","2":"type-product","3":"status-publish","4":"has-post-thumbnail","6":"product_cat-sadalitaji-adapteri","8":"first","9":"instock","10":"taxable","11":"shipping-taxable","12":"purchasable","13":"product-type-simple"},"jetpack_sharing_enabled":true,"_links":{"self":[{"href":"https:\/\/ddt.lv\/en\/wp-json\/wp\/v2\/product\/21949"}],"collection":[{"href":"https:\/\/ddt.lv\/en\/wp-json\/wp\/v2\/product"}],"about":[{"href":"https:\/\/ddt.lv\/en\/wp-json\/wp\/v2\/types\/product"}],"replies":[{"embeddable":true,"href":"https:\/\/ddt.lv\/en\/wp-json\/wp\/v2\/comments?post=21949"}],"wp:featuredmedia":[{"embeddable":true,"href":"https:\/\/ddt.lv\/en\/wp-json\/wp\/v2\/media\/21953"}],"wp:attachment":[{"href":"https:\/\/ddt.lv\/en\/wp-json\/wp\/v2\/media?parent=21949"}],"wp:term":[{"taxonomy":"product_cat","embeddable":true,"href":"https:\/\/ddt.lv\/en\/wp-json\/wp\/v2\/product_cat?post=21949"},{"taxonomy":"product_tag","embeddable":true,"href":"https:\/\/ddt.lv\/en\/wp-json\/wp\/v2\/product_tag?post=21949"},{"taxonomy":"yst_prominent_words","embeddable":true,"href":"https:\/\/ddt.lv\/en\/wp-json\/wp\/v2\/yst_prominent_words?post=21949"}],"curies":[{"name":"wp","href":"https:\/\/api.w.org\/{rel}","templated":true}]}}