{"id":21877,"date":"2020-02-21T11:47:29","date_gmt":"2020-02-21T09:47:29","guid":{"rendered":"https:\/\/ddt.lv\/lv\/product\/gaze-butans-227g-gazes-plitinam-rex\/"},"modified":"2026-04-01T00:16:15","modified_gmt":"2026-03-31T21:16:15","slug":"gaze-butans-227g-gazes-plitinam-rex","status":"publish","type":"product","link":"https:\/\/ddt.lv\/en\/product\/gaze-butans-227g-gazes-plitinam-rex\/","title":{"rendered":"Disposable liquid gas \/ Butane 227g. (for portable cooking stoves) REX"},"content":{"rendered":"<p>G\u0101ze &#8211; but\u0101ns no ra\u017eot\u0101ja REX. Savienojams ar Tiross ce\u013cojumu pl\u012bti\u0146\u0101m. Tilpums 227g.<\/p>\n","protected":false},"excerpt":{"rendered":"<p>G\u0101ze &#8211; but\u0101ns no ra\u017eot\u0101ja REX. Savienojams ar Tiross ce\u013cojumu pl\u012bti\u0146\u0101m. Tilpums 227g.<\/p>\n","protected":false},"featured_media":21886,"comment_status":"closed","ping_status":"closed","template":"","meta":{"inline_featured_image":false},"product_cat":[1584,772,917],"product_tag":[],"yst_prominent_words":[],"class_list":{"0":"post-21877","1":"product","2":"type-product","3":"status-publish","4":"has-post-thumbnail","6":"product_cat-grilli-gazes-plitinas-degli","7":"product_cat-atlaides","8":"product_cat-gazes-baloni-plitinas-degli","10":"first","11":"instock","12":"sale","13":"taxable","14":"shipping-taxable","15":"purchasable","16":"product-type-simple"},"jetpack_sharing_enabled":true,"_links":{"self":[{"href":"https:\/\/ddt.lv\/en\/wp-json\/wp\/v2\/product\/21877"}],"collection":[{"href":"https:\/\/ddt.lv\/en\/wp-json\/wp\/v2\/product"}],"about":[{"href":"https:\/\/ddt.lv\/en\/wp-json\/wp\/v2\/types\/product"}],"replies":[{"embeddable":true,"href":"https:\/\/ddt.lv\/en\/wp-json\/wp\/v2\/comments?post=21877"}],"wp:featuredmedia":[{"embeddable":true,"href":"https:\/\/ddt.lv\/en\/wp-json\/wp\/v2\/media\/21886"}],"wp:attachment":[{"href":"https:\/\/ddt.lv\/en\/wp-json\/wp\/v2\/media?parent=21877"}],"wp:term":[{"taxonomy":"product_cat","embeddable":true,"href":"https:\/\/ddt.lv\/en\/wp-json\/wp\/v2\/product_cat?post=21877"},{"taxonomy":"product_tag","embeddable":true,"href":"https:\/\/ddt.lv\/en\/wp-json\/wp\/v2\/product_tag?post=21877"},{"taxonomy":"yst_prominent_words","embeddable":true,"href":"https:\/\/ddt.lv\/en\/wp-json\/wp\/v2\/yst_prominent_words?post=21877"}],"curies":[{"name":"wp","href":"https:\/\/api.w.org\/{rel}","templated":true}]}}