{"id":21837,"date":"2020-02-20T14:57:15","date_gmt":"2020-02-20T12:57:15","guid":{"rendered":"https:\/\/ddt.lv\/lv\/product\/piekarama-sledzene-s742-041-25mm-pul-misina-stanley\/"},"modified":"2026-04-08T14:27:44","modified_gmt":"2026-04-08T11:27:44","slug":"piekarama-sledzene-s742-041-25mm-pul-misina-stanley","status":"publish","type":"product","link":"https:\/\/ddt.lv\/en\/product\/piekarama-sledzene-s742-041-25mm-pul-misina-stanley\/","title":{"rendered":"Padlock Stanley solid brass S742-041 25mm"},"content":{"rendered":"<p>STANLEY ir l\u012bderkomp\u0101nija amatniec\u012bbas instrumentu tirdzniec\u012bb\u0101 jau no 1843 gada. Nep\u0101rtraukta att\u012bst\u012bba un jaunu risin\u0101jumu rad\u012b\u0161ana ir tas, ko STANLEY uz\u0146\u0113mums dara.<\/p>\n","protected":false},"excerpt":{"rendered":"<p>STANLEY ir l\u012bderkomp\u0101nija amatniec\u012bbas instrumentu tirdzniec\u012bb\u0101 jau no 1843 gada. Nep\u0101rtraukta att\u012bst\u012bba un jaunu risin\u0101jumu rad\u012b\u0161ana ir tas, ko STANLEY uz\u0146\u0113mums dara.<\/p>\n","protected":false},"featured_media":21855,"comment_status":"closed","ping_status":"closed","template":"","meta":{"inline_featured_image":false},"product_cat":[916],"product_tag":[],"yst_prominent_words":[],"class_list":{"0":"post-21837","1":"product","2":"type-product","3":"status-publish","4":"has-post-thumbnail","6":"product_cat-piekaramas-sledzenes","8":"first","9":"instock","10":"taxable","11":"shipping-taxable","12":"purchasable","13":"product-type-simple"},"jetpack_sharing_enabled":true,"_links":{"self":[{"href":"https:\/\/ddt.lv\/en\/wp-json\/wp\/v2\/product\/21837"}],"collection":[{"href":"https:\/\/ddt.lv\/en\/wp-json\/wp\/v2\/product"}],"about":[{"href":"https:\/\/ddt.lv\/en\/wp-json\/wp\/v2\/types\/product"}],"replies":[{"embeddable":true,"href":"https:\/\/ddt.lv\/en\/wp-json\/wp\/v2\/comments?post=21837"}],"wp:featuredmedia":[{"embeddable":true,"href":"https:\/\/ddt.lv\/en\/wp-json\/wp\/v2\/media\/21855"}],"wp:attachment":[{"href":"https:\/\/ddt.lv\/en\/wp-json\/wp\/v2\/media?parent=21837"}],"wp:term":[{"taxonomy":"product_cat","embeddable":true,"href":"https:\/\/ddt.lv\/en\/wp-json\/wp\/v2\/product_cat?post=21837"},{"taxonomy":"product_tag","embeddable":true,"href":"https:\/\/ddt.lv\/en\/wp-json\/wp\/v2\/product_tag?post=21837"},{"taxonomy":"yst_prominent_words","embeddable":true,"href":"https:\/\/ddt.lv\/en\/wp-json\/wp\/v2\/yst_prominent_words?post=21837"}],"curies":[{"name":"wp","href":"https:\/\/api.w.org\/{rel}","templated":true}]}}